{"id":51,"date":"2011-10-25T17:48:02","date_gmt":"2011-10-25T15:48:02","guid":{"rendered":"http:\/\/soaplexikon.de\/cms\/?page_id=51"},"modified":"2018-10-28T18:15:06","modified_gmt":"2018-10-28T17:15:06","slug":"impressum","status":"publish","type":"page","link":"https:\/\/soaplexikon.de\/cms\/impressum\/","title":{"rendered":"Impressum"},"content":{"rendered":"<h2>Verantwortlich<\/h2>\n<p>Verantwortlich f\u00fcr diese Website (nicht f\u00fcr verlinkte Seiten) ist<br \/>\nJan Wolf<br \/>\nFelsingstr. 24<br \/>\n64285 Darmstadt<br \/>\nmail(at)soaplexikon.de<\/p>\n<h2>Redaktion<\/h2>\n<p>Jan Wolf, Dennis Groth, Raphael Erlach, Martin Schulz<\/p>\n<h2>Design, Grafik, technische Umsetzung<\/h2>\n<p>Nina Endrigkeit (neothink GbR)<\/p>\n<h2>Rechtliche Hinweise<\/h2>\n<p>Die Rechte, des auf der Seite verwendeten Bildmaterials, liegen beim jeweiligen Urheber, der jeweils vermerkt ist.<\/p>\n<p>Die Texte d\u00fcrfen nicht ohne Genehmigung kopiert und auf einer anderen Seite ver\u00f6ffentlicht werden.<br \/>\nUrheber ist der jeweilige Redakteur oder die angegebene Quelle.<\/p>\n<h2>Datenschutz<\/h2>\n<p>Diese Website benutzt <strong>Google Analytics<\/strong>, einen Webanalysedienst der Google Inc. Google Analytics verwendet sog. &#8222;Cookies&#8220;, Textdateien, die auf deinem Computer gespeichert werden und die eine Analyse der Benutzung der Website erm\u00f6glicht. Die durch den Cookie erzeugten Informationen \u00fcber deine Benutzung dieser Website (einschlie\u00dflich deiner IP-Adresse) wird an einen Server der Google in den USA \u00fcbertragen und dort gespeichert. Google nutzt diese Informationen, um dem Soaplexikon.de-Team ausf\u00fchrliche Nutzungsstatistiken erstellen zu k\u00f6nnen; diese machen eine immer benutzerfreundlichere Gestaltung der Website m\u00f6glich.<br \/>\nGoogle wird diese Informationen gegebenenfalls an Dritte \u00fcbertragen, sofern dies gesetzlich vorgeschrieben oder soweit Dritte diese Daten im Auftrag von Google verarbeiten. Google wird in keinem Fall deine IP-Adresse mit anderen Daten der Google in Verbindung bringen. Durch die Nutzung dieser Website erkl\u00e4rst du dich mit der Bearbeitung der erhobenen Daten durch Google in der zuvor beschriebenen Art und Weise und zu dem zuvor benannten Zweck einverstanden.<\/p>\n<p>Diese Website verwendet den <strong>&#8222;Gef\u00e4llt mir&#8220;-Button<\/strong> des sozialen Netzwerkes facebook.com. Dieser besondere Dienst wird von der Facebook Inc., 1601 S. California Ave, Palo Alto, CA 94304, USA (&#8222;Facebook&#8220;) betrieben. Wenn Du eine Website unseres Internetauftritts aufrufst, die diesen Button enth\u00e4lt, baut Dein Browser eine direkte Verbindung mit den Servern von Facebook auf. Bei Aufruf erh\u00e4lt Facebook somit die Information, dass jemand die entsprechende Seite dieser Website aufgerufen hat. Bist Du in diesem Moment bei Facebook eingeloggt, so kann Facebook den Seitenaufruf Deinem Facebook-Konto zuordnen \u2013 auch wenn Du den Button nicht anklickst. Wenn Du den &#8222;Gef\u00e4llt mir&#8220; Button bet\u00e4tigst, wird die entsprechende Information von Deinem Browser direkt an Facebook \u00fcbermittelt und dort gespeichert. Informationen \u00fcber Zweck und Umfang der Datenerhebung und die weitere Verarbeitung und Nutzung der Daten durch Facebook sowie Deine Einstellungsm\u00f6glichkeiten zum Schutz Deiner Privatsph\u00e4re entnimmst Du bitte den Datenschutzrichtlinien von Facebook. Wenn Du nicht m\u00f6chtest, dass Facebook \u00fcber diese Webseite personenbezogen Daten \u00fcber Dich sammelt, musst Du dich vor Deinem Besuch hier lediglich bei Facebook ausloggen.<\/p>\n","protected":false},"excerpt":{"rendered":"<p>Verantwortlich Verantwortlich f\u00fcr diese Website (nicht f\u00fcr verlinkte Seiten) ist Jan Wolf Felsingstr. 24 64285 Darmstadt mail(at)soaplexikon.de Redaktion Jan Wolf, Dennis Groth, Raphael Erlach, Martin Schulz Design, Grafik, technische Umsetzung Nina Endrigkeit (neothink GbR) Rechtliche Hinweise Die Rechte, des auf der Seite verwendeten Bildmaterials, liegen beim jeweiligen Urheber, der jeweils vermerkt ist. Die Texte d\u00fcrfen [&hellip;]<\/p>\n","protected":false},"author":4,"featured_media":0,"parent":0,"menu_order":51,"comment_status":"open","ping_status":"closed","template":"page.php","meta":{"footnotes":""},"class_list":["post-51","page","type-page","status-publish","hentry"],"_links":{"self":[{"href":"https:\/\/soaplexikon.de\/cms\/wp-json\/wp\/v2\/pages\/51","targetHints":{"allow":["GET"]}}],"collection":[{"href":"https:\/\/soaplexikon.de\/cms\/wp-json\/wp\/v2\/pages"}],"about":[{"href":"https:\/\/soaplexikon.de\/cms\/wp-json\/wp\/v2\/types\/page"}],"author":[{"embeddable":true,"href":"https:\/\/soaplexikon.de\/cms\/wp-json\/wp\/v2\/users\/4"}],"replies":[{"embeddable":true,"href":"https:\/\/soaplexikon.de\/cms\/wp-json\/wp\/v2\/comments?post=51"}],"version-history":[{"count":26,"href":"https:\/\/soaplexikon.de\/cms\/wp-json\/wp\/v2\/pages\/51\/revisions"}],"predecessor-version":[{"id":44436,"href":"https:\/\/soaplexikon.de\/cms\/wp-json\/wp\/v2\/pages\/51\/revisions\/44436"}],"wp:attachment":[{"href":"https:\/\/soaplexikon.de\/cms\/wp-json\/wp\/v2\/media?parent=51"}],"curies":[{"name":"wp","href":"https:\/\/api.w.org\/{rel}","templated":true}]}}