{"id":44780,"date":"2019-07-18T11:32:37","date_gmt":"2019-07-18T09:32:37","guid":{"rendered":"http:\/\/soaplexikon.de\/cms\/?page_id=44780"},"modified":"2019-07-18T11:34:38","modified_gmt":"2019-07-18T09:34:38","slug":"erfundene-namen","status":"publish","type":"page","link":"https:\/\/soaplexikon.de\/cms\/lexikon\/erfundene-namen\/","title":{"rendered":"Erfundene Namen"},"content":{"rendered":"<p>Nicht alle Soaps und Telenovelas spielen in realen Orten, oftmals werden Orte erfunden, damit die Autoren mehr Erz\u00e4hlm\u00f6glichkeiten haben. So kann problemlos mit politischen und regionalen Gegebenheiten gespielt werden, ohne dass es bei Zuschauer zu Irritationen f\u00fchrt.<\/p>\n<p>Bei Krankheiten sieht das schon anders aus. Oftmals ist anhand der erz\u00e4hlten Anzeichen erkennbar, welche reale Krankheit Pate stand, doch die Krankheiten haben nicht grundlos einen fiktiven Namen bekommen. Krankheiten, die nach dem aktuellen Stand der Medizin als nicht heilbar gelten, w\u00e4ren ein klares Indiz, dass die Rolle sterben wird. Doch die Autoren wollen oftmals nur eine tragische Geschichte mit einem guten Ausgang erz\u00e4hlen und somit am Ende eine positive Wendung schaffen. Dies geht aber nicht, wenn es kein Heilmittel f\u00fcr die reale Krankheit gibt. Daher wird auf falsche Namen zur\u00fcckgegriffen.<\/p>\n<p>Besonders hinsichtlich Product Placements wird auf erfundene Namen zur\u00fcckgegriffen.<\/p>\n","protected":false},"excerpt":{"rendered":"<p>Nicht alle Soaps und Telenovelas spielen in realen Orten, oftmals werden Orte erfunden, damit die Autoren mehr Erz\u00e4hlm\u00f6glichkeiten haben. So kann problemlos mit politischen und regionalen Gegebenheiten gespielt werden, ohne dass es bei Zuschauer zu Irritationen f\u00fchrt. Bei Krankheiten sieht das schon anders aus. Oftmals ist anhand der erz\u00e4hlten Anzeichen erkennbar, welche reale Krankheit Pate [&hellip;]<\/p>\n","protected":false},"author":2,"featured_media":0,"parent":16713,"menu_order":0,"comment_status":"closed","ping_status":"closed","template":"","meta":{"footnotes":""},"class_list":["post-44780","page","type-page","status-publish","hentry"],"_links":{"self":[{"href":"https:\/\/soaplexikon.de\/cms\/wp-json\/wp\/v2\/pages\/44780","targetHints":{"allow":["GET"]}}],"collection":[{"href":"https:\/\/soaplexikon.de\/cms\/wp-json\/wp\/v2\/pages"}],"about":[{"href":"https:\/\/soaplexikon.de\/cms\/wp-json\/wp\/v2\/types\/page"}],"author":[{"embeddable":true,"href":"https:\/\/soaplexikon.de\/cms\/wp-json\/wp\/v2\/users\/2"}],"replies":[{"embeddable":true,"href":"https:\/\/soaplexikon.de\/cms\/wp-json\/wp\/v2\/comments?post=44780"}],"version-history":[{"count":1,"href":"https:\/\/soaplexikon.de\/cms\/wp-json\/wp\/v2\/pages\/44780\/revisions"}],"predecessor-version":[{"id":44781,"href":"https:\/\/soaplexikon.de\/cms\/wp-json\/wp\/v2\/pages\/44780\/revisions\/44781"}],"up":[{"embeddable":true,"href":"https:\/\/soaplexikon.de\/cms\/wp-json\/wp\/v2\/pages\/16713"}],"wp:attachment":[{"href":"https:\/\/soaplexikon.de\/cms\/wp-json\/wp\/v2\/media?parent=44780"}],"curies":[{"name":"wp","href":"https:\/\/api.w.org\/{rel}","templated":true}]}}