{"id":44770,"date":"2019-07-18T11:09:50","date_gmt":"2019-07-18T09:09:50","guid":{"rendered":"http:\/\/soaplexikon.de\/cms\/?page_id=44770"},"modified":"2019-07-18T11:10:14","modified_gmt":"2019-07-18T09:10:14","slug":"dorama","status":"publish","type":"page","link":"https:\/\/soaplexikon.de\/cms\/lexikon\/dorama\/","title":{"rendered":"Dorama"},"content":{"rendered":"<p>Dorama sind japanische Dramaserien, die es in verschiedenen Formen seit 1953 gibt. In der Regel laufen Dorama je drei Monate lang w\u00f6chentlich mit 45-min\u00fctigen Folgen und sind \u00e4hnlich wie die Telenovela romantisch angehaucht und in sich abgeschlossen.<\/p>\n<p>Weitere Formen sind zwei-st\u00fcndige im Hauptprogramm, halbst\u00fcndige, die daf\u00fcr bis zu einem halben Jahr lang laufen, Vierstelst\u00fcnder mit bis zu einem Jahr Laufzeit und historisch angehauchte Dorama, die ein Jahr lang w\u00f6chentlich laufen.<\/p>\n<p>Selten kommt es vor, dass Dorama verl\u00e4ngert und als Endlosserie laufen \u2013 \u00e4hnlich der Daytime und Daily Soaps.<\/p>\n<p>Dorama sind ein wirtschaftlicher Erfolg in Japan. So verkaufen sich nicht nur die DVDs und die Musik zur Serie. Hauptsponsoren agieren \u00e4hnlich wie in den USA. Sie platzieren ihre Produkte in der Serie, nicht nur in den Werbespots, und haben teilweise sogar inhaltliches Mitspracherecht.<\/p>\n","protected":false},"excerpt":{"rendered":"<p>Dorama sind japanische Dramaserien, die es in verschiedenen Formen seit 1953 gibt. In der Regel laufen Dorama je drei Monate lang w\u00f6chentlich mit 45-min\u00fctigen Folgen und sind \u00e4hnlich wie die Telenovela romantisch angehaucht und in sich abgeschlossen. Weitere Formen sind zwei-st\u00fcndige im Hauptprogramm, halbst\u00fcndige, die daf\u00fcr bis zu einem halben Jahr lang laufen, Vierstelst\u00fcnder mit [&hellip;]<\/p>\n","protected":false},"author":2,"featured_media":0,"parent":16713,"menu_order":0,"comment_status":"closed","ping_status":"closed","template":"","meta":{"footnotes":""},"class_list":["post-44770","page","type-page","status-publish","hentry"],"_links":{"self":[{"href":"https:\/\/soaplexikon.de\/cms\/wp-json\/wp\/v2\/pages\/44770","targetHints":{"allow":["GET"]}}],"collection":[{"href":"https:\/\/soaplexikon.de\/cms\/wp-json\/wp\/v2\/pages"}],"about":[{"href":"https:\/\/soaplexikon.de\/cms\/wp-json\/wp\/v2\/types\/page"}],"author":[{"embeddable":true,"href":"https:\/\/soaplexikon.de\/cms\/wp-json\/wp\/v2\/users\/2"}],"replies":[{"embeddable":true,"href":"https:\/\/soaplexikon.de\/cms\/wp-json\/wp\/v2\/comments?post=44770"}],"version-history":[{"count":1,"href":"https:\/\/soaplexikon.de\/cms\/wp-json\/wp\/v2\/pages\/44770\/revisions"}],"predecessor-version":[{"id":44771,"href":"https:\/\/soaplexikon.de\/cms\/wp-json\/wp\/v2\/pages\/44770\/revisions\/44771"}],"up":[{"embeddable":true,"href":"https:\/\/soaplexikon.de\/cms\/wp-json\/wp\/v2\/pages\/16713"}],"wp:attachment":[{"href":"https:\/\/soaplexikon.de\/cms\/wp-json\/wp\/v2\/media?parent=44770"}],"curies":[{"name":"wp","href":"https:\/\/api.w.org\/{rel}","templated":true}]}}