{"id":44225,"date":"2016-11-15T00:01:58","date_gmt":"2016-11-14T23:01:58","guid":{"rendered":"http:\/\/soaplexikon.de\/cms\/?page_id=44225"},"modified":"2016-11-15T00:02:25","modified_gmt":"2016-11-14T23:02:25","slug":"wash-up","status":"publish","type":"page","link":"https:\/\/soaplexikon.de\/cms\/lexikon\/wash-up\/","title":{"rendered":"Wash Up | Parken"},"content":{"rendered":"<p style=\"text-align: justify;\">Selten finden Geschichten ein wirkliches Ende. Sie werden \u00fcber einige Folgen erz\u00e4hlt und dann an einem vorl\u00e4ufigen Punkt geparkt. Dieses Vorgehen wird als Wash Up bezeichnet. Wenn ein Strang bereits beim Plotten der Folge geparkt werden soll, wird ihm nicht mehr viel Platz in der Folge gegeben. Selten wird ein Strang mit sieben oder mehr Bildern in einer Folge geparkt \u2013 und noch seltener endet dieser Strang in einem Park-<a href=\"http:\/\/soaplexikon.de\/cms\/lexikon\/cliffhanger\/\">Cliff<\/a>, was aber vereinzelt passiert.<\/p>\n","protected":false},"excerpt":{"rendered":"<p>Selten finden Geschichten ein wirkliches Ende. Sie werden \u00fcber einige Folgen erz\u00e4hlt und dann an einem vorl\u00e4ufigen Punkt geparkt. Dieses Vorgehen wird als Wash Up bezeichnet. Wenn ein Strang bereits beim Plotten der Folge geparkt werden soll, wird ihm nicht mehr viel Platz in der Folge gegeben. Selten wird ein Strang mit sieben oder mehr [&hellip;]<\/p>\n","protected":false},"author":2,"featured_media":0,"parent":16713,"menu_order":0,"comment_status":"closed","ping_status":"closed","template":"","meta":{"footnotes":""},"class_list":["post-44225","page","type-page","status-publish","hentry"],"_links":{"self":[{"href":"https:\/\/soaplexikon.de\/cms\/wp-json\/wp\/v2\/pages\/44225","targetHints":{"allow":["GET"]}}],"collection":[{"href":"https:\/\/soaplexikon.de\/cms\/wp-json\/wp\/v2\/pages"}],"about":[{"href":"https:\/\/soaplexikon.de\/cms\/wp-json\/wp\/v2\/types\/page"}],"author":[{"embeddable":true,"href":"https:\/\/soaplexikon.de\/cms\/wp-json\/wp\/v2\/users\/2"}],"replies":[{"embeddable":true,"href":"https:\/\/soaplexikon.de\/cms\/wp-json\/wp\/v2\/comments?post=44225"}],"version-history":[{"count":3,"href":"https:\/\/soaplexikon.de\/cms\/wp-json\/wp\/v2\/pages\/44225\/revisions"}],"predecessor-version":[{"id":44277,"href":"https:\/\/soaplexikon.de\/cms\/wp-json\/wp\/v2\/pages\/44225\/revisions\/44277"}],"up":[{"embeddable":true,"href":"https:\/\/soaplexikon.de\/cms\/wp-json\/wp\/v2\/pages\/16713"}],"wp:attachment":[{"href":"https:\/\/soaplexikon.de\/cms\/wp-json\/wp\/v2\/media?parent=44225"}],"curies":[{"name":"wp","href":"https:\/\/api.w.org\/{rel}","templated":true}]}}