{"id":44219,"date":"2016-11-14T23:58:23","date_gmt":"2016-11-14T22:58:23","guid":{"rendered":"http:\/\/soaplexikon.de\/cms\/?page_id=44219"},"modified":"2016-11-15T20:22:06","modified_gmt":"2016-11-15T19:22:06","slug":"statistik","status":"publish","type":"page","link":"https:\/\/soaplexikon.de\/cms\/lexikon\/statistik\/","title":{"rendered":"Statistik\u00a0"},"content":{"rendered":"<p style=\"text-align: justify;\">Was viele Zuschauer nicht wissen: Schreiben f\u00fcr eine <a href=\"http:\/\/soaplexikon.de\/cms\/lexikon\/seifenoper\/\">Soap<\/a> oder <a href=\"http:\/\/soaplexikon.de\/cms\/lexikon\/telenovela\/\">Telenovela<\/a> ist Mathematik! In der Statistik wird festgehalten, wie viele Bilder jeder Schauspieler in dem <a href=\"http:\/\/soaplexikon.de\/cms\/lexikon\/block\/\">Block<\/a> hat und welche Sets wie oft bespielt werden mit der Angabe, ob Tag oder Nacht.<\/p>\n<p style=\"text-align: justify;\">Jede Serie hat eine eigene Regelung, wie das Verh\u00e4ltnis von Studio- und Au\u00dfenanteilen ist. Meist liegt dies bei 2:1. Das liegt daran, weil im <a href=\"http:\/\/soaplexikon.de\/cms\/lexikon\/aussendreh\/\">Au\u00dfendreh<\/a> mehr Zeit f\u00fcr den Umzug an eine andere Location und den Umbau f\u00fcr Kamera und Licht ben\u00f6tigt wird. Manchmal kann im Au\u00dfendreh auch nur mit einer Kamera gearbeitet werden; dann muss die Szene aus verschiedenen Perspektiven \u00f6fter gedreht werden, wodurch Zeit verloren geht. Dies sind Punkte, die vom <a href=\"http:\/\/soaplexikon.de\/cms\/lexikon\/dispo\/\">Disponent<\/a> bereits beim Stecken der Bilder beachtet werden.<\/p>\n<p style=\"text-align: justify;\">Manche Schauspieler haben in ihren Vertr\u00e4gen eine Maximalzahl an Bildern pro Woche stehen. Das hei\u00dft, dass die Figur nur in 20 bis 30 Bildern pro Woche vorkommt. Das klingt im ersten Moment viel, doch wenn diese Figur eine gro\u00dfe Geschichte hat oder durch Massenszenen vermehrt vorkommt, wird es f\u00fcr die Autoren schwierig. Man muss dazu auch beachten, dass bei einer <a href=\"http:\/\/soaplexikon.de\/cms\/lexikon\/daily-soap\/\">Daily Soap<\/a> w\u00f6chentlich \u00fcber 100 Bilder gedreht werden, bei einer Telenovela sogar bis zu 150.<\/p>\n<p style=\"text-align: justify;\">Unbeliebt sind auch sogenannte Setleichen, wenn innerhalb eines Blocks eine Kulisse nur einmal vorkommt. Das bedeutet f\u00fcr das Team, dass sie f\u00fcr ein etwa 25-min\u00fctiges Bild in ein anderes Set ziehen, dieses von der Requisite vorbereitet und von der Licht-Crew ausgeleuchtet werden muss. Wenn sich dies auf Buchebene verhindern l\u00e4sst, wird es bereits getan.<\/p>\n","protected":false},"excerpt":{"rendered":"<p>Was viele Zuschauer nicht wissen: Schreiben f\u00fcr eine Soap oder Telenovela ist Mathematik! In der Statistik wird festgehalten, wie viele Bilder jeder Schauspieler in dem Block hat und welche Sets wie oft bespielt werden mit der Angabe, ob Tag oder Nacht. Jede Serie hat eine eigene Regelung, wie das Verh\u00e4ltnis von Studio- und Au\u00dfenanteilen ist. [&hellip;]<\/p>\n","protected":false},"author":2,"featured_media":0,"parent":16713,"menu_order":0,"comment_status":"closed","ping_status":"closed","template":"","meta":{"footnotes":""},"class_list":["post-44219","page","type-page","status-publish","hentry"],"_links":{"self":[{"href":"https:\/\/soaplexikon.de\/cms\/wp-json\/wp\/v2\/pages\/44219","targetHints":{"allow":["GET"]}}],"collection":[{"href":"https:\/\/soaplexikon.de\/cms\/wp-json\/wp\/v2\/pages"}],"about":[{"href":"https:\/\/soaplexikon.de\/cms\/wp-json\/wp\/v2\/types\/page"}],"author":[{"embeddable":true,"href":"https:\/\/soaplexikon.de\/cms\/wp-json\/wp\/v2\/users\/2"}],"replies":[{"embeddable":true,"href":"https:\/\/soaplexikon.de\/cms\/wp-json\/wp\/v2\/comments?post=44219"}],"version-history":[{"count":4,"href":"https:\/\/soaplexikon.de\/cms\/wp-json\/wp\/v2\/pages\/44219\/revisions"}],"predecessor-version":[{"id":44289,"href":"https:\/\/soaplexikon.de\/cms\/wp-json\/wp\/v2\/pages\/44219\/revisions\/44289"}],"up":[{"embeddable":true,"href":"https:\/\/soaplexikon.de\/cms\/wp-json\/wp\/v2\/pages\/16713"}],"wp:attachment":[{"href":"https:\/\/soaplexikon.de\/cms\/wp-json\/wp\/v2\/media?parent=44219"}],"curies":[{"name":"wp","href":"https:\/\/api.w.org\/{rel}","templated":true}]}}