{"id":44217,"date":"2016-11-14T23:54:18","date_gmt":"2016-11-14T22:54:18","guid":{"rendered":"http:\/\/soaplexikon.de\/cms\/?page_id=44217"},"modified":"2016-11-14T23:54:18","modified_gmt":"2016-11-14T22:54:18","slug":"spieltag","status":"publish","type":"page","link":"https:\/\/soaplexikon.de\/cms\/lexikon\/spieltag\/","title":{"rendered":"Spieltag"},"content":{"rendered":"<p style=\"text-align: justify;\">In seltenen F\u00e4llen wird in einer Folge einer <a href=\"http:\/\/soaplexikon.de\/cms\/lexikon\/seifenoper\/\">Soap<\/a> oder <a href=\"http:\/\/soaplexikon.de\/cms\/lexikon\/telenovela\/\">Telenovela<\/a> auch ein Spieltag erz\u00e4hlt. In der \u201e<a href=\"http:\/\/soaplexikon.de\/cms\/soaps-a-z\/lindenstrasse\/\">Lindenstra\u00dfe<\/a>\u201c folgen die Zuschauer einem einzigen Tag in der Woche. In der <a href=\"http:\/\/soaplexikon.de\/cms\/lexikon\/reality-soap\/\">Scripted Reality<\/a> \u201eBerlin \u2013 Tag &amp; Nacht\u201c wird auch in jeder Folge ein neuer Tag behandelt. In den <a href=\"http:\/\/soaplexikon.de\/cms\/lexikon\/daily-soap\/\">Dailys<\/a> und Telenovelas werden pro Block in der Regel drei Spieltage erz\u00e4hlt. Diese werden nicht nur durch neue Outfits bei den Charakteren verdeutlicht, die Tag-Nach-Wechsel werden durch entsprechende <a href=\"http:\/\/soaplexikon.de\/cms\/lexikon\/establisher\/\">Establisher<\/a> hervorgehoben. Wie lange ein Spieltag dauert, h\u00e4ngt davon ab, was erz\u00e4hlt wird. Es kam schon vor, dass sich ein Spieltag \u00fcber einen ganzen <a href=\"http:\/\/soaplexikon.de\/cms\/lexikon\/block\/\">Block<\/a> gezogen hat. Das ist aber nur die Ausnahme, wenn die Handlung im Detail erz\u00e4hlt werden will.<\/p>\n","protected":false},"excerpt":{"rendered":"<p>In seltenen F\u00e4llen wird in einer Folge einer Soap oder Telenovela auch ein Spieltag erz\u00e4hlt. In der \u201eLindenstra\u00dfe\u201c folgen die Zuschauer einem einzigen Tag in der Woche. In der Scripted Reality \u201eBerlin \u2013 Tag &amp; Nacht\u201c wird auch in jeder Folge ein neuer Tag behandelt. In den Dailys und Telenovelas werden pro Block in der [&hellip;]<\/p>\n","protected":false},"author":2,"featured_media":0,"parent":16713,"menu_order":0,"comment_status":"closed","ping_status":"closed","template":"","meta":{"footnotes":""},"class_list":["post-44217","page","type-page","status-publish","hentry"],"_links":{"self":[{"href":"https:\/\/soaplexikon.de\/cms\/wp-json\/wp\/v2\/pages\/44217","targetHints":{"allow":["GET"]}}],"collection":[{"href":"https:\/\/soaplexikon.de\/cms\/wp-json\/wp\/v2\/pages"}],"about":[{"href":"https:\/\/soaplexikon.de\/cms\/wp-json\/wp\/v2\/types\/page"}],"author":[{"embeddable":true,"href":"https:\/\/soaplexikon.de\/cms\/wp-json\/wp\/v2\/users\/2"}],"replies":[{"embeddable":true,"href":"https:\/\/soaplexikon.de\/cms\/wp-json\/wp\/v2\/comments?post=44217"}],"version-history":[{"count":3,"href":"https:\/\/soaplexikon.de\/cms\/wp-json\/wp\/v2\/pages\/44217\/revisions"}],"predecessor-version":[{"id":44272,"href":"https:\/\/soaplexikon.de\/cms\/wp-json\/wp\/v2\/pages\/44217\/revisions\/44272"}],"up":[{"embeddable":true,"href":"https:\/\/soaplexikon.de\/cms\/wp-json\/wp\/v2\/pages\/16713"}],"wp:attachment":[{"href":"https:\/\/soaplexikon.de\/cms\/wp-json\/wp\/v2\/media?parent=44217"}],"curies":[{"name":"wp","href":"https:\/\/api.w.org\/{rel}","templated":true}]}}