{"id":44213,"date":"2016-11-14T23:40:15","date_gmt":"2016-11-14T22:40:15","guid":{"rendered":"http:\/\/soaplexikon.de\/cms\/?page_id=44213"},"modified":"2016-11-14T23:40:15","modified_gmt":"2016-11-14T22:40:15","slug":"rueckkehr","status":"publish","type":"page","link":"https:\/\/soaplexikon.de\/cms\/lexikon\/rueckkehr\/","title":{"rendered":"R\u00fcckkehr\u00a0"},"content":{"rendered":"<p style=\"text-align: justify;\">Immer wieder w\u00fcnschen sich Fans die R\u00fcckkehr beliebter Figuren und bem\u00e4ngeln, dass es zu selten ein Wiedersehen mit ehemaligen Darstellern gibt. Die alleinige Schuld sehen sie bei den Autoren einer Serie, was aber nicht immer richtig ist. Um eine Figur in der Originalbesetzung zur\u00fcckzuholen, braucht es mehr als nur den Willen der Autoren.<\/p>\n<p style=\"text-align: justify;\">In erster Linie braucht die Figur Ankn\u00fcpfpunkte in der Serie. Wenn aus der alten Besetzung oder der damaligen Serienwelt (z.B. Berufswelt) kaum noch jemand da ist, mit dem die Figur agiert hat, wird es schwierig, diese Figur ins heutige Gef\u00fcge zu setzen.<\/p>\n<p style=\"text-align: justify;\">Wichtig ist auch, wie die Figur damals ausgestiegen ist. Wurde sie mit einem Happy End verabschiedet, m\u00fcssten die Autoren dieses nachtr\u00e4glich zerst\u00f6ren. Was wurde nach dem Ausstieg \u00fcber die Figur noch erz\u00e4hlt? Hat sie beispielsweise ein Kind bekommen? Dann m\u00fcsste man dieses ebenfalls in die Serie mitbringen oder eine plausible Geschichte erz\u00e4hlen, weswegen das Kind nicht mitkommt.<\/p>\n<p style=\"text-align: justify;\">Welche Rolle hatte diese Figur im Cast damals inne? Ist diese Position heute mit einer anderen Figur besetzt? Wie alt ist die Rolle heute? Gibt es in dieser Altersschicht zu viele Charaktere im aktuellen Cast? Diese und weitere Fragen m\u00fcssen die Autoren beantworten.<\/p>\n<p style=\"text-align: justify;\">Wenn alles passt, ist der n\u00e4chste Schritt die Anfrage bei der Agentur oder dem Schauspieler direkt. Ist der Schauspieler verf\u00fcgbar oder \u00fcberhaupt daran interessiert, in die Serie zur\u00fcckzukehren? Die Umst\u00e4nde, wie es zum Ausstieg kam, sind Zuschauern oftmals nicht bekannt, weswegen die R\u00fcckkehr eines Schauspielers auch gar nicht realisierbar ist. Sollte ein Schauspieler ablehnen, wird \u00fcberlegt, ob eine neue Figur entwickelt wird oder ein <a href=\"http:\/\/soaplexikon.de\/cms\/lexikon\/recast\/\">Recast<\/a> die Rolle \u00fcbernehmen soll.<\/p>\n<p style=\"text-align: justify;\">Wenn eine ehemalige Figur f\u00fcr einen Gastauftritt, beispielsweise f\u00fcr eine Ausstiegsgeschichte, eine Hochzeit oder eine Beerdigung, reaktiviert werden soll, stellen sich viele Fragen nicht. Autoren holen ehemalige Figuren gerne f\u00fcr solche Anl\u00e4sse zur\u00fcck, m\u00fcssen dabei aber das regul\u00e4re Budget der Serie bedenken. Die Schauspieler bekommen in solchen F\u00e4llen eine Tagesgage, die sich von mehreren hundert Euro bis \u00fcber 1.000 Euro pro Drehtag bel\u00e4uft. Hochzeiten und Beerdigungen bringen Locationmieten mit sich; Gastauftritte machen das Ganze gleich viel teurer. Und welchen Nutzen hat eine ehemalige Rolle, wenn diese nur wie ein Komparse im Bild sitzt. Das entt\u00e4uscht nicht nur die Autoren und die Schauspieler, sondern auch die Fans.<\/p>\n","protected":false},"excerpt":{"rendered":"<p>Immer wieder w\u00fcnschen sich Fans die R\u00fcckkehr beliebter Figuren und bem\u00e4ngeln, dass es zu selten ein Wiedersehen mit ehemaligen Darstellern gibt. Die alleinige Schuld sehen sie bei den Autoren einer Serie, was aber nicht immer richtig ist. Um eine Figur in der Originalbesetzung zur\u00fcckzuholen, braucht es mehr als nur den Willen der Autoren. In erster [&hellip;]<\/p>\n","protected":false},"author":2,"featured_media":0,"parent":16713,"menu_order":0,"comment_status":"closed","ping_status":"closed","template":"","meta":{"footnotes":""},"class_list":["post-44213","page","type-page","status-publish","hentry"],"_links":{"self":[{"href":"https:\/\/soaplexikon.de\/cms\/wp-json\/wp\/v2\/pages\/44213","targetHints":{"allow":["GET"]}}],"collection":[{"href":"https:\/\/soaplexikon.de\/cms\/wp-json\/wp\/v2\/pages"}],"about":[{"href":"https:\/\/soaplexikon.de\/cms\/wp-json\/wp\/v2\/types\/page"}],"author":[{"embeddable":true,"href":"https:\/\/soaplexikon.de\/cms\/wp-json\/wp\/v2\/users\/2"}],"replies":[{"embeddable":true,"href":"https:\/\/soaplexikon.de\/cms\/wp-json\/wp\/v2\/comments?post=44213"}],"version-history":[{"count":3,"href":"https:\/\/soaplexikon.de\/cms\/wp-json\/wp\/v2\/pages\/44213\/revisions"}],"predecessor-version":[{"id":44267,"href":"https:\/\/soaplexikon.de\/cms\/wp-json\/wp\/v2\/pages\/44213\/revisions\/44267"}],"up":[{"embeddable":true,"href":"https:\/\/soaplexikon.de\/cms\/wp-json\/wp\/v2\/pages\/16713"}],"wp:attachment":[{"href":"https:\/\/soaplexikon.de\/cms\/wp-json\/wp\/v2\/media?parent=44213"}],"curies":[{"name":"wp","href":"https:\/\/api.w.org\/{rel}","templated":true}]}}