{"id":44209,"date":"2016-11-14T23:33:17","date_gmt":"2016-11-14T22:33:17","guid":{"rendered":"http:\/\/soaplexikon.de\/cms\/?page_id=44209"},"modified":"2016-11-14T23:33:17","modified_gmt":"2016-11-14T22:33:17","slug":"recast","status":"publish","type":"page","link":"https:\/\/soaplexikon.de\/cms\/lexikon\/recast\/","title":{"rendered":"Recast"},"content":{"rendered":"<p style=\"text-align: justify;\">Ein Recast ist eine Neubesetzung f\u00fcr eine bestehende Rolle. Diese passiert in der Regel, wenn die Produktion mit der Rolle weiterarbeiten m\u00f6chte, der bestehende Schauspieler seinen Vertrag aber nicht verl\u00e4ngern m\u00f6chte oder die Produktion den Vertrag nicht verl\u00e4ngert.<\/p>\n<p style=\"text-align: justify;\">In manchen F\u00e4llen wurde die Umbesetzung mit einem schweren Unfall und einer notwendigen Gesichts-OP erkl\u00e4rt. Allerdings muss man hier aufpassen, dass es wiederholt miterz\u00e4hlt wird, dass es eine Gesichts-OP war. Es wird dadurch schwierig, \u00fcberraschende Wiedersehen handzuhaben.<\/p>\n<p style=\"text-align: justify;\">Manche Recasts passieren im Off, also w\u00e4hrend die Figur nicht in der Serie vorkommt. Dies ist der Fall, wenn eine ehemalige Rolle nach l\u00e4ngerer Zeit reaktiviert wird und der ehemalige Schauspieler nicht mehr zur Verf\u00fcgung steht.<\/p>\n<p style=\"text-align: justify;\">Gelegentlich kommt es vor, dass eine Rolle f\u00fcr bestimmte Zeit als Krankheits- oder Schwangerschaftsvertretung auf Zeit \u00fcbernommen wird. In Krankheitsf\u00e4llen ist der Recast eine kurzfristige Angelegenheit.<\/p>\n<p style=\"text-align: justify;\">Schwierig sind Recasts, die von der einen auf die andere Folge passieren, ohne Erkl\u00e4rung. In den Dialogen muss erw\u00e4hnt werden, wer der Recast ist. Es wird mit kleinsten Ver\u00e4nderungen gearbeitet wie neue Frisur usw. F\u00fcr die Kost\u00fcm-Abteilung ist so ein Wechsel auch keine Freude, da die alten Kost\u00fcme im schlimmsten Fall nicht passen, aber \u00e4hnliche St\u00fccke besorgt werden m\u00fcssen.<\/p>\n<p style=\"text-align: justify;\">Mit einem Recast geht auf lange Sicht oftmals auch eine Ver\u00e4nderung im Charakter einher. Zun\u00e4chst wird dir Figur noch wie bisher gef\u00fchrt, wenn die Autoren und die Producer aber merken, was der neue Schauspieler mitbringt, kann es durchaus sein, dass neue Facetten zur Rolle hinzugef\u00fcgt werden. Da sich in der Regel auch das Schauspiel unterscheidet, sehen die Zuschauer meist von Anfang an eine Ver\u00e4nderung, die aber so nicht geplant war oder in den B\u00fcchern stand.<\/p>\n<p style=\"text-align: justify;\">In den USA verk\u00fcndet bei Daytime Soaps eine Stimme aus dem Off in der ersten Folge, in welcher der Recast auftaucht, dass die jeweilige Rolle nun von \u201eXYZ\u201c gespielt wird.<\/p>\n","protected":false},"excerpt":{"rendered":"<p>Ein Recast ist eine Neubesetzung f\u00fcr eine bestehende Rolle. Diese passiert in der Regel, wenn die Produktion mit der Rolle weiterarbeiten m\u00f6chte, der bestehende Schauspieler seinen Vertrag aber nicht verl\u00e4ngern m\u00f6chte oder die Produktion den Vertrag nicht verl\u00e4ngert. In manchen F\u00e4llen wurde die Umbesetzung mit einem schweren Unfall und einer notwendigen Gesichts-OP erkl\u00e4rt. Allerdings muss [&hellip;]<\/p>\n","protected":false},"author":2,"featured_media":0,"parent":16713,"menu_order":0,"comment_status":"closed","ping_status":"closed","template":"","meta":{"footnotes":""},"class_list":["post-44209","page","type-page","status-publish","hentry"],"_links":{"self":[{"href":"https:\/\/soaplexikon.de\/cms\/wp-json\/wp\/v2\/pages\/44209","targetHints":{"allow":["GET"]}}],"collection":[{"href":"https:\/\/soaplexikon.de\/cms\/wp-json\/wp\/v2\/pages"}],"about":[{"href":"https:\/\/soaplexikon.de\/cms\/wp-json\/wp\/v2\/types\/page"}],"author":[{"embeddable":true,"href":"https:\/\/soaplexikon.de\/cms\/wp-json\/wp\/v2\/users\/2"}],"replies":[{"embeddable":true,"href":"https:\/\/soaplexikon.de\/cms\/wp-json\/wp\/v2\/comments?post=44209"}],"version-history":[{"count":3,"href":"https:\/\/soaplexikon.de\/cms\/wp-json\/wp\/v2\/pages\/44209\/revisions"}],"predecessor-version":[{"id":44263,"href":"https:\/\/soaplexikon.de\/cms\/wp-json\/wp\/v2\/pages\/44209\/revisions\/44263"}],"up":[{"embeddable":true,"href":"https:\/\/soaplexikon.de\/cms\/wp-json\/wp\/v2\/pages\/16713"}],"wp:attachment":[{"href":"https:\/\/soaplexikon.de\/cms\/wp-json\/wp\/v2\/media?parent=44209"}],"curies":[{"name":"wp","href":"https:\/\/api.w.org\/{rel}","templated":true}]}}