{"id":44199,"date":"2016-11-14T23:04:13","date_gmt":"2016-11-14T22:04:13","guid":{"rendered":"http:\/\/soaplexikon.de\/cms\/?page_id=44199"},"modified":"2016-11-14T23:04:13","modified_gmt":"2016-11-14T22:04:13","slug":"pen","status":"publish","type":"page","link":"https:\/\/soaplexikon.de\/cms\/lexikon\/pen\/","title":{"rendered":"Pen\u00a0"},"content":{"rendered":"<p style=\"text-align: justify;\">Die meisten <a href=\"http:\/\/soaplexikon.de\/cms\/lexikon\/seifenoper\/\">Soaps<\/a> und <a href=\"http:\/\/soaplexikon.de\/cms\/lexikon\/telenovela\/\">Telenovelas<\/a> enden auf dem sogenannten <a href=\"http:\/\/soaplexikon.de\/cms\/lexikon\/cliffhanger\/\">Cliffhanger<\/a>. Die vorletzte Szene einer Folge wird als Pen bezeichnet und ist wie der Cliffhanger gedacht. Auch dieser Erz\u00e4hlstrang endet auf dem H\u00f6hepunkt. Der Strang mit dem Pen ist nicht der dominante Strang der Folge oder hat den schw\u00e4cheren H\u00f6hepunkt. Der Pen findet seine Aufl\u00f6sung (den Pick Up) meistens in der zweiten Szene der neuen Folge.<\/p>\n","protected":false},"excerpt":{"rendered":"<p>Die meisten Soaps und Telenovelas enden auf dem sogenannten Cliffhanger. Die vorletzte Szene einer Folge wird als Pen bezeichnet und ist wie der Cliffhanger gedacht. Auch dieser Erz\u00e4hlstrang endet auf dem H\u00f6hepunkt. Der Strang mit dem Pen ist nicht der dominante Strang der Folge oder hat den schw\u00e4cheren H\u00f6hepunkt. Der Pen findet seine Aufl\u00f6sung (den [&hellip;]<\/p>\n","protected":false},"author":2,"featured_media":0,"parent":16713,"menu_order":0,"comment_status":"closed","ping_status":"closed","template":"","meta":{"footnotes":""},"class_list":["post-44199","page","type-page","status-publish","hentry"],"_links":{"self":[{"href":"https:\/\/soaplexikon.de\/cms\/wp-json\/wp\/v2\/pages\/44199","targetHints":{"allow":["GET"]}}],"collection":[{"href":"https:\/\/soaplexikon.de\/cms\/wp-json\/wp\/v2\/pages"}],"about":[{"href":"https:\/\/soaplexikon.de\/cms\/wp-json\/wp\/v2\/types\/page"}],"author":[{"embeddable":true,"href":"https:\/\/soaplexikon.de\/cms\/wp-json\/wp\/v2\/users\/2"}],"replies":[{"embeddable":true,"href":"https:\/\/soaplexikon.de\/cms\/wp-json\/wp\/v2\/comments?post=44199"}],"version-history":[{"count":3,"href":"https:\/\/soaplexikon.de\/cms\/wp-json\/wp\/v2\/pages\/44199\/revisions"}],"predecessor-version":[{"id":44251,"href":"https:\/\/soaplexikon.de\/cms\/wp-json\/wp\/v2\/pages\/44199\/revisions\/44251"}],"up":[{"embeddable":true,"href":"https:\/\/soaplexikon.de\/cms\/wp-json\/wp\/v2\/pages\/16713"}],"wp:attachment":[{"href":"https:\/\/soaplexikon.de\/cms\/wp-json\/wp\/v2\/media?parent=44199"}],"curies":[{"name":"wp","href":"https:\/\/api.w.org\/{rel}","templated":true}]}}