{"id":44193,"date":"2016-11-14T22:58:22","date_gmt":"2016-11-14T21:58:22","guid":{"rendered":"http:\/\/soaplexikon.de\/cms\/?page_id=44193"},"modified":"2016-11-14T22:58:22","modified_gmt":"2016-11-14T21:58:22","slug":"intrigant","status":"publish","type":"page","link":"https:\/\/soaplexikon.de\/cms\/lexikon\/intrigant\/","title":{"rendered":"Intrigant"},"content":{"rendered":"<p style=\"text-align: justify;\">Intriganten sind die B\u00f6sewichte in den Geschichten und das Salz in der Suppe. Ohne sie w\u00e4ren viele Hindernisse zu einfach zu bew\u00e4ltigen. Je nach Anlage der Rolle ist dem Intriganten fast kein Mittel zuwider, um seine Ziele zu erreichen. Das reicht von \u00fcbler Nachrede, Bestechung, Entf\u00fchrung bis zu teilweise Mord. Der Intrigant ist meist der <a href=\"http:\/\/soaplexikon.de\/cms\/lexikon\/antagonist\/\">Antagonist<\/a>.<\/p>\n","protected":false},"excerpt":{"rendered":"<p>Intriganten sind die B\u00f6sewichte in den Geschichten und das Salz in der Suppe. Ohne sie w\u00e4ren viele Hindernisse zu einfach zu bew\u00e4ltigen. Je nach Anlage der Rolle ist dem Intriganten fast kein Mittel zuwider, um seine Ziele zu erreichen. Das reicht von \u00fcbler Nachrede, Bestechung, Entf\u00fchrung bis zu teilweise Mord. Der Intrigant ist meist der [&hellip;]<\/p>\n","protected":false},"author":2,"featured_media":0,"parent":16713,"menu_order":0,"comment_status":"closed","ping_status":"closed","template":"","meta":{"footnotes":""},"class_list":["post-44193","page","type-page","status-publish","hentry"],"_links":{"self":[{"href":"https:\/\/soaplexikon.de\/cms\/wp-json\/wp\/v2\/pages\/44193","targetHints":{"allow":["GET"]}}],"collection":[{"href":"https:\/\/soaplexikon.de\/cms\/wp-json\/wp\/v2\/pages"}],"about":[{"href":"https:\/\/soaplexikon.de\/cms\/wp-json\/wp\/v2\/types\/page"}],"author":[{"embeddable":true,"href":"https:\/\/soaplexikon.de\/cms\/wp-json\/wp\/v2\/users\/2"}],"replies":[{"embeddable":true,"href":"https:\/\/soaplexikon.de\/cms\/wp-json\/wp\/v2\/comments?post=44193"}],"version-history":[{"count":3,"href":"https:\/\/soaplexikon.de\/cms\/wp-json\/wp\/v2\/pages\/44193\/revisions"}],"predecessor-version":[{"id":44247,"href":"https:\/\/soaplexikon.de\/cms\/wp-json\/wp\/v2\/pages\/44193\/revisions\/44247"}],"up":[{"embeddable":true,"href":"https:\/\/soaplexikon.de\/cms\/wp-json\/wp\/v2\/pages\/16713"}],"wp:attachment":[{"href":"https:\/\/soaplexikon.de\/cms\/wp-json\/wp\/v2\/media?parent=44193"}],"curies":[{"name":"wp","href":"https:\/\/api.w.org\/{rel}","templated":true}]}}