{"id":44191,"date":"2016-11-14T22:56:08","date_gmt":"2016-11-14T21:56:08","guid":{"rendered":"http:\/\/soaplexikon.de\/cms\/?page_id=44191"},"modified":"2016-11-14T22:56:08","modified_gmt":"2016-11-14T21:56:08","slug":"happy-end","status":"publish","type":"page","link":"https:\/\/soaplexikon.de\/cms\/lexikon\/happy-end\/","title":{"rendered":"Happy \u00a0End"},"content":{"rendered":"<p style=\"text-align: justify;\">Die Zuschauer w\u00fcnschen sich meist nichts sehnlicher als ein Happy End f\u00fcr ihre Lieblingsfiguren. Eigentlich ist dies auch das Ziel der Autoren \u2013 doch das Happy End kann schnell zum Albtraum werden. Nichts ist f\u00fcr Autoren langweiliger, als ein gl\u00fcckliches Paar zu zeigen, das keine Hindernisse mehr zu \u00fcberwinden hat und damit zu Nebenfiguren verkommt. Daher gibt es meist nur Happy Ends auf Zeit, und das Paar wird anschlie\u00dfend wegen eines Ausstiegs getrennt oder sie verlassen gemeinsam die Serie. Das ist auch der Grund, weswegen Paare in deutschen <a href=\"http:\/\/soaplexikon.de\/cms\/lexikon\/telenovela\/\">Telenovelas<\/a> erst wenige Wochen vor dem Ende der Staffel gl\u00fccklich vereint werden. Ab dem Moment haben sie kaum noch Spiel in der Serie und machen bereits Platz f\u00fcr das n\u00e4chste Traumpaar.<\/p>\n<p style=\"text-align: justify;\">Bis zum Happy End werden die Geschichten mit so vielen Wendungen wie nur irgend m\u00f6glich versehen und damit in die L\u00e4nge gezogen. Geschichten von bis zu zwei Jahren waren in \u201e<a href=\"http:\/\/soaplexikon.de\/cms\/soaps-a-z\/verbotene-liebe\/\">Verbotene Liebe<\/a>\u201c keine Seltenheit.<\/p>\n","protected":false},"excerpt":{"rendered":"<p>Die Zuschauer w\u00fcnschen sich meist nichts sehnlicher als ein Happy End f\u00fcr ihre Lieblingsfiguren. Eigentlich ist dies auch das Ziel der Autoren \u2013 doch das Happy End kann schnell zum Albtraum werden. Nichts ist f\u00fcr Autoren langweiliger, als ein gl\u00fcckliches Paar zu zeigen, das keine Hindernisse mehr zu \u00fcberwinden hat und damit zu Nebenfiguren verkommt. [&hellip;]<\/p>\n","protected":false},"author":2,"featured_media":0,"parent":16713,"menu_order":0,"comment_status":"closed","ping_status":"closed","template":"","meta":{"footnotes":""},"class_list":["post-44191","page","type-page","status-publish","hentry"],"_links":{"self":[{"href":"https:\/\/soaplexikon.de\/cms\/wp-json\/wp\/v2\/pages\/44191","targetHints":{"allow":["GET"]}}],"collection":[{"href":"https:\/\/soaplexikon.de\/cms\/wp-json\/wp\/v2\/pages"}],"about":[{"href":"https:\/\/soaplexikon.de\/cms\/wp-json\/wp\/v2\/types\/page"}],"author":[{"embeddable":true,"href":"https:\/\/soaplexikon.de\/cms\/wp-json\/wp\/v2\/users\/2"}],"replies":[{"embeddable":true,"href":"https:\/\/soaplexikon.de\/cms\/wp-json\/wp\/v2\/comments?post=44191"}],"version-history":[{"count":3,"href":"https:\/\/soaplexikon.de\/cms\/wp-json\/wp\/v2\/pages\/44191\/revisions"}],"predecessor-version":[{"id":44245,"href":"https:\/\/soaplexikon.de\/cms\/wp-json\/wp\/v2\/pages\/44191\/revisions\/44245"}],"up":[{"embeddable":true,"href":"https:\/\/soaplexikon.de\/cms\/wp-json\/wp\/v2\/pages\/16713"}],"wp:attachment":[{"href":"https:\/\/soaplexikon.de\/cms\/wp-json\/wp\/v2\/media?parent=44191"}],"curies":[{"name":"wp","href":"https:\/\/api.w.org\/{rel}","templated":true}]}}