{"id":44189,"date":"2016-11-14T22:53:32","date_gmt":"2016-11-14T21:53:32","guid":{"rendered":"http:\/\/soaplexikon.de\/cms\/?page_id=44189"},"modified":"2016-11-14T22:53:32","modified_gmt":"2016-11-14T21:53:32","slug":"fortsetzung","status":"publish","type":"page","link":"https:\/\/soaplexikon.de\/cms\/lexikon\/fortsetzung\/","title":{"rendered":"Fortsetzung"},"content":{"rendered":"<p style=\"text-align: justify;\">Aus Sicht der Macher und Fans enden Serien oft viel zu fr\u00fch. Es wird h\u00e4ufig versucht, mit einem Senderwechsel (in den USA) oder Umdenken im Format (\u201eHand aufs Herz\u201c und \u201e<a href=\"http:\/\/soaplexikon.de\/cms\/soaps-a-z\/verbotene-liebe\/\">Verbotene Liebe<\/a>\u201c) eine Fortsetzung zu erreichen. Doch dies funktioniert nicht immer. Im Fall der US Daytime Soaps \u201eAll My Children\u201c und \u201eOne Life to Live\u201c kam es zur Absetzung. 2013 wurden beide Serien als Websoaps wiederbelebt und fortgesetzt \u2013 \u00f6ffentlich war von einem <a href=\"http:\/\/soaplexikon.de\/cms\/lexikon\/reboot\/\">Reboot<\/a> die Rede.<\/p>\n<p style=\"text-align: justify;\">Im Fr\u00fchjahr 2012 bekam die Marke \u201eWege zum Gl\u00fcck\u201c eine \u00fcberraschende Fortsetzung. In einem v\u00f6llig neuen Setting wurde eine neue Geschichte unter der alten Dachmarke erz\u00e4hlt. Um die Serie im WzG-Universum zu verorten, wurde eine Figur in Originalbesetzung reaktiviert.<\/p>\n<p style=\"text-align: justify;\">Andere Soaps, die in den letzten Jahren ein Reboot erfahren haben, hatten ihre Urspr\u00fcnge bereits in den 1980ern und 1990ern. Hier wurde die bew\u00e4hrte Serienwelt ausgerollt, und im Falle der neuen The CW Soaps \u201e<a href=\"http:\/\/soaplexikon.de\/cms\/soaps-a-z\/90210-2\/\">90210<\/a>\u201c (von \u201e<a href=\"http:\/\/soaplexikon.de\/cms\/soaps-a-z\/beverly-hills-90210\/\">Beverly Hills, 90210<\/a>\u201c) und \u201e<a href=\"http:\/\/soaplexikon.de\/cms\/soaps-a-z\/melrose-place-2009\/\">Melrose Place<\/a>\u201c (vom <a href=\"http:\/\/soaplexikon.de\/cms\/soaps-a-z\/melrose-place-1992\/\">gleichnamigen Original<\/a>) wurden ehemalige Castmitglieder der Mutterserien engagiert, damit auch alte Fans wieder zuschalten w\u00fcrden. 2010 versuchte die BBC dies mit der Neuauflage des <a href=\"http:\/\/soaplexikon.de\/cms\/lexikon\/period-drama\/\">Kost\u00fcmdramas<\/a> \u201eUpstairs, Downstairs\u201c.<\/p>\n<p style=\"text-align: justify;\">Ein ganz anderes Reboot hatte \u201eDallas\u201c, das nicht nur am Original-Schauplatz angesiedelt wurde. Auch der Gro\u00dfteil des neuen Casts, in Haupt- und Gastrollen, war aus der alten Besetzung. Nur lag diesmal der Fokus auf der j\u00fcngeren Generation, die bereits im alten Seriengeschehen geboren wurde und damit auch alten Fans vertraut war.<\/p>\n","protected":false},"excerpt":{"rendered":"<p>Aus Sicht der Macher und Fans enden Serien oft viel zu fr\u00fch. Es wird h\u00e4ufig versucht, mit einem Senderwechsel (in den USA) oder Umdenken im Format (\u201eHand aufs Herz\u201c und \u201eVerbotene Liebe\u201c) eine Fortsetzung zu erreichen. Doch dies funktioniert nicht immer. Im Fall der US Daytime Soaps \u201eAll My Children\u201c und \u201eOne Life to Live\u201c [&hellip;]<\/p>\n","protected":false},"author":2,"featured_media":0,"parent":16713,"menu_order":0,"comment_status":"closed","ping_status":"closed","template":"","meta":{"footnotes":""},"class_list":["post-44189","page","type-page","status-publish","hentry"],"_links":{"self":[{"href":"https:\/\/soaplexikon.de\/cms\/wp-json\/wp\/v2\/pages\/44189","targetHints":{"allow":["GET"]}}],"collection":[{"href":"https:\/\/soaplexikon.de\/cms\/wp-json\/wp\/v2\/pages"}],"about":[{"href":"https:\/\/soaplexikon.de\/cms\/wp-json\/wp\/v2\/types\/page"}],"author":[{"embeddable":true,"href":"https:\/\/soaplexikon.de\/cms\/wp-json\/wp\/v2\/users\/2"}],"replies":[{"embeddable":true,"href":"https:\/\/soaplexikon.de\/cms\/wp-json\/wp\/v2\/comments?post=44189"}],"version-history":[{"count":3,"href":"https:\/\/soaplexikon.de\/cms\/wp-json\/wp\/v2\/pages\/44189\/revisions"}],"predecessor-version":[{"id":44242,"href":"https:\/\/soaplexikon.de\/cms\/wp-json\/wp\/v2\/pages\/44189\/revisions\/44242"}],"up":[{"embeddable":true,"href":"https:\/\/soaplexikon.de\/cms\/wp-json\/wp\/v2\/pages\/16713"}],"wp:attachment":[{"href":"https:\/\/soaplexikon.de\/cms\/wp-json\/wp\/v2\/media?parent=44189"}],"curies":[{"name":"wp","href":"https:\/\/api.w.org\/{rel}","templated":true}]}}