{"id":44130,"date":"2016-11-09T23:38:37","date_gmt":"2016-11-09T22:38:37","guid":{"rendered":"http:\/\/soaplexikon.de\/cms\/?page_id=44130"},"modified":"2016-11-09T23:39:25","modified_gmt":"2016-11-09T22:39:25","slug":"k-drama","status":"publish","type":"page","link":"https:\/\/soaplexikon.de\/cms\/lexikon\/k-drama\/","title":{"rendered":"K-Drama | Korean Drama"},"content":{"rendered":"<p style=\"text-align: justify;\">Koreanische Dramen \u2013 K-Drama genannt \u2013 sind meist Mini-Serien, die in ihrer abgeschlossenen Form an <a href=\"http:\/\/soaplexikon.de\/cms\/lexikon\/telenovela\/\">Telenovelas<\/a> erinnern. Sie erz\u00e4hlen einen Bogen \u00fcber eine Staffel mit meist 12 bis 24 einst\u00fcndigen Folgen. Ausgestrahlt werden zwischen 22 und 23 Uhr meist zwei Folgen pro Woche, an aufeinander folgenden Tagen. Diese Form wurde in den 1990ern eingef\u00fchrt. Um die Produktionskosten gering zu halten und schnell auf das Feedback der Zuschauer reagieren zu k\u00f6nnen, werden die Folgen in der Woche vor der Ausstrahlung \u2013 zum Teil noch am Tag der Ausstrahlung \u2013 gedreht. Die Drehb\u00fccher sind nur in groben Z\u00fcgen fertiggestellt und werden bis kurz vor dem eigentlichen Dreh geschrieben. Dadurch m\u00fcssen die Schauspieler abrufbereit sein und schnell die neuen verf\u00fcgbaren Szenen abdrehen.<\/p>\n<p style=\"text-align: justify;\">Im Gegensatz zu den meisten Serien werden K-Dramas je von nur einem Autor geschrieben und auch nur einem Regisseur inszeniert. So wird auch auf diesen Ebenen gew\u00e4hrleistet, dass die Serie in sich rund bleibt. Der Nebeneffekt ist, dass die Autoren und Regisseure genauso bekannt sind wie die Schauspieler.<\/p>\n<p style=\"text-align: justify;\">Es gibt auch t\u00e4gliche K-Dramas, die zwischen 19 und 20 Uhr ausgestrahlt werden und bis zu 200 Folgen lang sind.<\/p>\n","protected":false},"excerpt":{"rendered":"<p>Koreanische Dramen \u2013 K-Drama genannt \u2013 sind meist Mini-Serien, die in ihrer abgeschlossenen Form an Telenovelas erinnern. Sie erz\u00e4hlen einen Bogen \u00fcber eine Staffel mit meist 12 bis 24 einst\u00fcndigen Folgen. Ausgestrahlt werden zwischen 22 und 23 Uhr meist zwei Folgen pro Woche, an aufeinander folgenden Tagen. Diese Form wurde in den 1990ern eingef\u00fchrt. Um [&hellip;]<\/p>\n","protected":false},"author":2,"featured_media":0,"parent":16713,"menu_order":0,"comment_status":"closed","ping_status":"closed","template":"","meta":{"footnotes":""},"class_list":["post-44130","page","type-page","status-publish","hentry"],"_links":{"self":[{"href":"https:\/\/soaplexikon.de\/cms\/wp-json\/wp\/v2\/pages\/44130","targetHints":{"allow":["GET"]}}],"collection":[{"href":"https:\/\/soaplexikon.de\/cms\/wp-json\/wp\/v2\/pages"}],"about":[{"href":"https:\/\/soaplexikon.de\/cms\/wp-json\/wp\/v2\/types\/page"}],"author":[{"embeddable":true,"href":"https:\/\/soaplexikon.de\/cms\/wp-json\/wp\/v2\/users\/2"}],"replies":[{"embeddable":true,"href":"https:\/\/soaplexikon.de\/cms\/wp-json\/wp\/v2\/comments?post=44130"}],"version-history":[{"count":2,"href":"https:\/\/soaplexikon.de\/cms\/wp-json\/wp\/v2\/pages\/44130\/revisions"}],"predecessor-version":[{"id":44133,"href":"https:\/\/soaplexikon.de\/cms\/wp-json\/wp\/v2\/pages\/44130\/revisions\/44133"}],"up":[{"embeddable":true,"href":"https:\/\/soaplexikon.de\/cms\/wp-json\/wp\/v2\/pages\/16713"}],"wp:attachment":[{"href":"https:\/\/soaplexikon.de\/cms\/wp-json\/wp\/v2\/media?parent=44130"}],"curies":[{"name":"wp","href":"https:\/\/api.w.org\/{rel}","templated":true}]}}