{"id":44124,"date":"2016-11-09T23:17:55","date_gmt":"2016-11-09T22:17:55","guid":{"rendered":"http:\/\/soaplexikon.de\/cms\/?page_id=44124"},"modified":"2016-11-09T23:17:55","modified_gmt":"2016-11-09T22:17:55","slug":"vfx","status":"publish","type":"page","link":"https:\/\/soaplexikon.de\/cms\/lexikon\/vfx\/","title":{"rendered":"VFX"},"content":{"rendered":"<p style=\"text-align: justify;\">Was in den 1990ern nur im <a href=\"http:\/\/soaplexikon.de\/cms\/lexikon\/vorspann\/\">Vorspann<\/a> eingesetzt wurde, findet heute immer h\u00e4ufiger Anklang in Seifenopern: VFX. Der Bereich Visual Effects deckt ein sehr gro\u00dfes Feld ab, das bei Farbkorrektur beginnt und sich bis zum Green-Screen (bzw. Blue Box) Verfahren erstreckt.<\/p>\n<p style=\"text-align: justify;\">Als 2012 die <a href=\"http:\/\/soaplexikon.de\/cms\/lexikon\/telenovela\/\">Telenovela<\/a> \u201eWege zum Gl\u00fcck \u2013 Spuren im Sand\u201c im ZDF startete, \u00fcberraschte die Produktion mit dem Virtual Backlot Verfahren. F\u00fcr die Umsetzung wurde Stargate Studios Germany gegr\u00fcndet. Auch \u201e<a href=\"http:\/\/soaplexikon.de\/cms\/soaps-a-z\/gute-zeiten-schlechte-zeiten\/\">Gute Zeiten, schlechte Zeiten<\/a>\u201c verf\u00fcgt \u00fcber gelegentliche VFX-Shots, und als \u201e<a href=\"http:\/\/soaplexikon.de\/cms\/soaps-a-z\/verbotene-liebe\/\">Verbotene Liebe<\/a>\u201c zur <a href=\"http:\/\/soaplexikon.de\/cms\/lexikon\/weekly-soap\/\">Weekly<\/a> umgebaut wurde, bekam die Lahnstein Bank ebenfalls eine Green-Screen.<\/p>\n<p style=\"text-align: center;\"><iframe loading=\"lazy\" src=\"https:\/\/www.youtube.com\/embed\/dOsoc-_qcpc?rel=0\" width=\"640\" height=\"360\" frameborder=\"0\" allowfullscreen=\"allowfullscreen\"><\/iframe><\/p>\n<p style=\"text-align: justify;\">Der Vorteil von VFX-Shots liegt auf der Hand: Sie erm\u00f6glichen einer Serie wechselnde Hintergrundbilder, unabh\u00e4ngig vom Wetter. Auch das Gef\u00fchl, dass eine Serie in einem Studio entsteht, wird merklich reduziert, da durch die Fenster Bewegungen zu sehen sind. F\u00fcr Schauspieler und Team bedeutet dieses Verfahren jedoch eine Umstellung, da bei den Dreharbeiten nicht erkennbar ist, wo sp\u00e4ter was zu sehen ist. Daher m\u00fcssen Blickrichtungen festgelegt werden.<\/p>\n<p style=\"text-align: justify;\">In den USA entstehen viele Serien in Florida oder New York, spielen aber in ganz anderen Regionen. Um das reale Gef\u00fchl f\u00fcr diese Stadt oder Gegend zu erm\u00f6glichen werden nicht nur Establisher hineingeschnitten, es werden auch immer wieder Dialoge an markanten Pl\u00e4tzen gezeigt. Da diese vereinzelten Shots aber mit hohen Locationmieten und Reisekosten verbunden sind, werden sie oftmals in Green-Screens realisiert. Dadurch werden Kosten reduziert und die Produktion spart Zeit. Auch historische Stoffe profitieren durch VFX, da die Ausstattung einen sehr hohen Kostenpunkt ausmacht.<\/p>\n<p style=\"text-align: justify;\">Das Virtual Backlot ist die Erweiterung zum \u00fcblichen Green-Screen. Das Verfahren erlaubt Bewegung in einem virtuellen Raum. Die realen Hintergrundaufnahmen, die in der Post-Production eingef\u00fcgt werden, werden in einer hohen Aufl\u00f6sung gedreht, damit sp\u00e4ter die Kamerabewegung m\u00f6glich ist. Der Green-Screen wird aus dem Bild gekeyt und durch den neuen Hintergrund ersetzt. Weitere Bearbeitungen sind m\u00f6glich, da das finale Bild auf mehreren Ebenen \u00fcbereinander erstellt wird. Als letzter Schritt erfolgt eine Farbkorrektur, bei der das Original Footage an das neue Hintergrundbild farblich angepasst wird.<\/p>\n<p style=\"text-align: center;\"><iframe loading=\"lazy\" src=\"https:\/\/player.vimeo.com\/video\/173111562?color=ffffff\" width=\"640\" height=\"360\" frameborder=\"0\" allowfullscreen=\"allowfullscreen\"><\/iframe><\/p>\n","protected":false},"excerpt":{"rendered":"<p>Was in den 1990ern nur im Vorspann eingesetzt wurde, findet heute immer h\u00e4ufiger Anklang in Seifenopern: VFX. Der Bereich Visual Effects deckt ein sehr gro\u00dfes Feld ab, das bei Farbkorrektur beginnt und sich bis zum Green-Screen (bzw. Blue Box) Verfahren erstreckt. Als 2012 die Telenovela \u201eWege zum Gl\u00fcck \u2013 Spuren im Sand\u201c im ZDF startete, [&hellip;]<\/p>\n","protected":false},"author":2,"featured_media":0,"parent":16713,"menu_order":0,"comment_status":"closed","ping_status":"closed","template":"","meta":{"footnotes":""},"class_list":["post-44124","page","type-page","status-publish","hentry"],"_links":{"self":[{"href":"https:\/\/soaplexikon.de\/cms\/wp-json\/wp\/v2\/pages\/44124","targetHints":{"allow":["GET"]}}],"collection":[{"href":"https:\/\/soaplexikon.de\/cms\/wp-json\/wp\/v2\/pages"}],"about":[{"href":"https:\/\/soaplexikon.de\/cms\/wp-json\/wp\/v2\/types\/page"}],"author":[{"embeddable":true,"href":"https:\/\/soaplexikon.de\/cms\/wp-json\/wp\/v2\/users\/2"}],"replies":[{"embeddable":true,"href":"https:\/\/soaplexikon.de\/cms\/wp-json\/wp\/v2\/comments?post=44124"}],"version-history":[{"count":3,"href":"https:\/\/soaplexikon.de\/cms\/wp-json\/wp\/v2\/pages\/44124\/revisions"}],"predecessor-version":[{"id":44127,"href":"https:\/\/soaplexikon.de\/cms\/wp-json\/wp\/v2\/pages\/44124\/revisions\/44127"}],"up":[{"embeddable":true,"href":"https:\/\/soaplexikon.de\/cms\/wp-json\/wp\/v2\/pages\/16713"}],"wp:attachment":[{"href":"https:\/\/soaplexikon.de\/cms\/wp-json\/wp\/v2\/media?parent=44124"}],"curies":[{"name":"wp","href":"https:\/\/api.w.org\/{rel}","templated":true}]}}