{"id":44111,"date":"2016-11-09T22:26:12","date_gmt":"2016-11-09T21:26:12","guid":{"rendered":"http:\/\/soaplexikon.de\/cms\/?page_id=44111"},"modified":"2016-11-09T22:30:08","modified_gmt":"2016-11-09T21:30:08","slug":"lakorn","status":"publish","type":"page","link":"https:\/\/soaplexikon.de\/cms\/lexikon\/lakorn\/","title":{"rendered":"Lakorn | \u0e25\u0e30\u0e04\u0e23\u0e42\u0e17\u0e23\u0e17\u0e31\u0e28\u0e19\u0e4c"},"content":{"rendered":"<p style=\"text-align: justify;\">Lakorn ist das thail\u00e4ndische Pendant der <a href=\"http:\/\/soaplexikon.de\/cms\/lexikon\/telenovela\/\">Telenovela<\/a>. Die Zuschauer folgen einer abgeschlossenen dreimonatigen Geschichte, die meist mit dem Happy End und der Hochzeit der Protagonisten endet. Der Protagonistin ist die Antagonistin gegen\u00fcbergestellt, die meist gesellschaftlich besser gestellt ist und die alles versucht, um das Herz des Protagonisten f\u00fcr sich zu gewinnen.<\/p>\n<p style=\"text-align: justify;\">Die Sender strahlen meist drei Lakorn mit je zwei bis drei Folgen an aufeinander folgenden Tagen pro Woche aus. Mit Werbung ist jede Folge an die zwei Stunden lang.<\/p>\n<p style=\"text-align: justify;\">Ein Gro\u00dfteil der Serien beruht auf ver\u00f6ffentlichen Romanen und wird f\u00fcr die Fernsehform adaptiert. Seit den 1990ern finden sich immer mehr <a href=\"http:\/\/soaplexikon.de\/cms\/lexikon\/reboot\/\">Remakes<\/a> von erfolgreichen Lakorn im Fernsehen. Fortsetzungen sind eine gro\u00dfe Seltenheit und wenn, dann sehr zeitversetzt und gr\u00f6\u00dftenteils neuem Cast.<\/p>\n","protected":false},"excerpt":{"rendered":"<p>Lakorn ist das thail\u00e4ndische Pendant der Telenovela. Die Zuschauer folgen einer abgeschlossenen dreimonatigen Geschichte, die meist mit dem Happy End und der Hochzeit der Protagonisten endet. Der Protagonistin ist die Antagonistin gegen\u00fcbergestellt, die meist gesellschaftlich besser gestellt ist und die alles versucht, um das Herz des Protagonisten f\u00fcr sich zu gewinnen. Die Sender strahlen meist [&hellip;]<\/p>\n","protected":false},"author":2,"featured_media":0,"parent":16713,"menu_order":0,"comment_status":"closed","ping_status":"closed","template":"","meta":{"footnotes":""},"class_list":["post-44111","page","type-page","status-publish","hentry"],"_links":{"self":[{"href":"https:\/\/soaplexikon.de\/cms\/wp-json\/wp\/v2\/pages\/44111","targetHints":{"allow":["GET"]}}],"collection":[{"href":"https:\/\/soaplexikon.de\/cms\/wp-json\/wp\/v2\/pages"}],"about":[{"href":"https:\/\/soaplexikon.de\/cms\/wp-json\/wp\/v2\/types\/page"}],"author":[{"embeddable":true,"href":"https:\/\/soaplexikon.de\/cms\/wp-json\/wp\/v2\/users\/2"}],"replies":[{"embeddable":true,"href":"https:\/\/soaplexikon.de\/cms\/wp-json\/wp\/v2\/comments?post=44111"}],"version-history":[{"count":1,"href":"https:\/\/soaplexikon.de\/cms\/wp-json\/wp\/v2\/pages\/44111\/revisions"}],"predecessor-version":[{"id":44112,"href":"https:\/\/soaplexikon.de\/cms\/wp-json\/wp\/v2\/pages\/44111\/revisions\/44112"}],"up":[{"embeddable":true,"href":"https:\/\/soaplexikon.de\/cms\/wp-json\/wp\/v2\/pages\/16713"}],"wp:attachment":[{"href":"https:\/\/soaplexikon.de\/cms\/wp-json\/wp\/v2\/media?parent=44111"}],"curies":[{"name":"wp","href":"https:\/\/api.w.org\/{rel}","templated":true}]}}