{"id":44108,"date":"2016-11-09T22:20:19","date_gmt":"2016-11-09T21:20:19","guid":{"rendered":"http:\/\/soaplexikon.de\/cms\/?page_id=44108"},"modified":"2016-11-09T22:30:08","modified_gmt":"2016-11-09T21:30:08","slug":"feuilleton-televise","status":"publish","type":"page","link":"https:\/\/soaplexikon.de\/cms\/lexikon\/feuilleton-televise\/","title":{"rendered":"Feuilleton T\u00e9l\u00e9vis\u00e9"},"content":{"rendered":"<p style=\"text-align: justify;\">Die Seifenoper wird in Frankreich Feuilleton T\u00e9l\u00e9vis\u00e9 genannt und verf\u00fcgt auch dort \u00fcber die <a href=\"http:\/\/soaplexikon.de\/cms\/lexikon\/daytime-soap\/\">Daytime Soap<\/a>, <a href=\"http:\/\/soaplexikon.de\/cms\/lexikon\/prime-time-soap\/\">Prime-Time Soap<\/a> und die <a href=\"http:\/\/soaplexikon.de\/cms\/lexikon\/telenovela\/\">Telenovela<\/a>.<\/p>\n<p style=\"text-align: justify;\">2004 startete Frankreichs erste t\u00e4gliche Serie \u201ePlus belle la vie\u201c, die heute noch l\u00e4uft.<\/p>\n","protected":false},"excerpt":{"rendered":"<p>Die Seifenoper wird in Frankreich Feuilleton T\u00e9l\u00e9vis\u00e9 genannt und verf\u00fcgt auch dort \u00fcber die Daytime Soap, Prime-Time Soap und die Telenovela. 2004 startete Frankreichs erste t\u00e4gliche Serie \u201ePlus belle la vie\u201c, die heute noch l\u00e4uft.<\/p>\n","protected":false},"author":2,"featured_media":0,"parent":16713,"menu_order":0,"comment_status":"closed","ping_status":"closed","template":"","meta":{"footnotes":""},"class_list":["post-44108","page","type-page","status-publish","hentry"],"_links":{"self":[{"href":"https:\/\/soaplexikon.de\/cms\/wp-json\/wp\/v2\/pages\/44108","targetHints":{"allow":["GET"]}}],"collection":[{"href":"https:\/\/soaplexikon.de\/cms\/wp-json\/wp\/v2\/pages"}],"about":[{"href":"https:\/\/soaplexikon.de\/cms\/wp-json\/wp\/v2\/types\/page"}],"author":[{"embeddable":true,"href":"https:\/\/soaplexikon.de\/cms\/wp-json\/wp\/v2\/users\/2"}],"replies":[{"embeddable":true,"href":"https:\/\/soaplexikon.de\/cms\/wp-json\/wp\/v2\/comments?post=44108"}],"version-history":[{"count":1,"href":"https:\/\/soaplexikon.de\/cms\/wp-json\/wp\/v2\/pages\/44108\/revisions"}],"predecessor-version":[{"id":44109,"href":"https:\/\/soaplexikon.de\/cms\/wp-json\/wp\/v2\/pages\/44108\/revisions\/44109"}],"up":[{"embeddable":true,"href":"https:\/\/soaplexikon.de\/cms\/wp-json\/wp\/v2\/pages\/16713"}],"wp:attachment":[{"href":"https:\/\/soaplexikon.de\/cms\/wp-json\/wp\/v2\/media?parent=44108"}],"curies":[{"name":"wp","href":"https:\/\/api.w.org\/{rel}","templated":true}]}}