{"id":44072,"date":"2016-10-25T00:47:48","date_gmt":"2016-10-24T22:47:48","guid":{"rendered":"http:\/\/soaplexikon.de\/cms\/?page_id=44072"},"modified":"2016-10-25T00:53:47","modified_gmt":"2016-10-24T22:53:47","slug":"teen-novela","status":"publish","type":"page","link":"https:\/\/soaplexikon.de\/cms\/lexikon\/teen-novela\/","title":{"rendered":"Teen Novela | Teen Telenovela"},"content":{"rendered":"<p style=\"text-align: justify;\">Die Teen Novela ist eine Unterkategorie der <a href=\"http:\/\/soaplexikon.de\/cms\/lexikon\/telenovela\/\">Telenovela<\/a>. Der gro\u00dfe Unterschied ist, dass im Zentrum meistens mehrere Jugendliche als Ensemble stehen und die Serie nicht nur auf eine Staffel ausgelegt ist. Die typischen Merkmale einer Telenovela fallen daher weg. Die Teen Novela ist im lateinamerikanischen Raum vorzufinden und unterschiedet sich insofern von der Teen Soap, dass sie meistens t\u00e4glich ausgestrahlt wird.<\/p>\n<p style=\"text-align: justify;\">Das Genre kam erstmals 1987 mit der mexikanischen Telenovela \u201eQuincea\u00f1era\u201c (Spanisch: F\u00fcnfzehnj\u00e4hrige.) auf. Televisa produzierte sp\u00e4ter zwei Remakes: \u201ePrimer amor\u201c (2000) und \u201eMiss XV\u201c (2012).<\/p>\n<p style=\"text-align: justify;\">Nickelodeon produziert bereits seit Jahren Teen Novelas. Disney ist erst mit \u201e<a href=\"http:\/\/soaplexikon.de\/cms\/soaps-a-z\/violetta\/\">Violetta<\/a>\u201c in den Markt eingestiegen.<\/p>\n<p>&nbsp;<\/p>\n","protected":false},"excerpt":{"rendered":"<p>Die Teen Novela ist eine Unterkategorie der Telenovela. Der gro\u00dfe Unterschied ist, dass im Zentrum meistens mehrere Jugendliche als Ensemble stehen und die Serie nicht nur auf eine Staffel ausgelegt ist. Die typischen Merkmale einer Telenovela fallen daher weg. Die Teen Novela ist im lateinamerikanischen Raum vorzufinden und unterschiedet sich insofern von der Teen Soap, [&hellip;]<\/p>\n","protected":false},"author":2,"featured_media":0,"parent":16713,"menu_order":0,"comment_status":"closed","ping_status":"closed","template":"","meta":{"footnotes":""},"class_list":["post-44072","page","type-page","status-publish","hentry"],"_links":{"self":[{"href":"https:\/\/soaplexikon.de\/cms\/wp-json\/wp\/v2\/pages\/44072","targetHints":{"allow":["GET"]}}],"collection":[{"href":"https:\/\/soaplexikon.de\/cms\/wp-json\/wp\/v2\/pages"}],"about":[{"href":"https:\/\/soaplexikon.de\/cms\/wp-json\/wp\/v2\/types\/page"}],"author":[{"embeddable":true,"href":"https:\/\/soaplexikon.de\/cms\/wp-json\/wp\/v2\/users\/2"}],"replies":[{"embeddable":true,"href":"https:\/\/soaplexikon.de\/cms\/wp-json\/wp\/v2\/comments?post=44072"}],"version-history":[{"count":2,"href":"https:\/\/soaplexikon.de\/cms\/wp-json\/wp\/v2\/pages\/44072\/revisions"}],"predecessor-version":[{"id":44075,"href":"https:\/\/soaplexikon.de\/cms\/wp-json\/wp\/v2\/pages\/44072\/revisions\/44075"}],"up":[{"embeddable":true,"href":"https:\/\/soaplexikon.de\/cms\/wp-json\/wp\/v2\/pages\/16713"}],"wp:attachment":[{"href":"https:\/\/soaplexikon.de\/cms\/wp-json\/wp\/v2\/media?parent=44072"}],"curies":[{"name":"wp","href":"https:\/\/api.w.org\/{rel}","templated":true}]}}