{"id":44060,"date":"2016-10-25T00:11:30","date_gmt":"2016-10-24T22:11:30","guid":{"rendered":"http:\/\/soaplexikon.de\/cms\/?page_id=44060"},"modified":"2016-10-25T00:53:47","modified_gmt":"2016-10-24T22:53:47","slug":"websoap","status":"publish","type":"page","link":"https:\/\/soaplexikon.de\/cms\/lexikon\/websoap\/","title":{"rendered":"Websoap"},"content":{"rendered":"<p style=\"text-align: justify;\">Websoaps sind <a href=\"http:\/\/soaplexikon.de\/cms\/lexikon\/seifenoper\/\">Seifenopern<\/a>, die im Internet laufen und vornehmlich f\u00fcr dieses Medium produziert wurden. Der Unterschied liegt klar in der Produktion. Die Folgen sind in der Regel wesentlich k\u00fcrzer, haben ein weit geringeres Budget und arbeiten mehr mit Gro\u00dfaufnahmen, da sie f\u00fcr einen kleinen Bildschirm und eine schwankende Bitrate konzipiert sind. Die einzelnen Folgen werden als Webisodes bezeichnet.<\/p>\n<p style=\"text-align: justify;\">2008 gelang der Websoap \u201e<a href=\"http:\/\/soaplexikon.de\/cms\/soaps-a-z\/quarterlife\/\">Quarterlife<\/a>\u201c, die f\u00fcr MySpace erschaffen wurde, w\u00e4hrend des Autorenstreiks ein \u00dcberraschungserfolg. NBC kaufte die Serie und lie\u00df sie zu 45-min\u00fctigen Folgen umschneiden. Doch die Zuschauer blieben aus, weswegen die restlichen Folgen der TV-Version nach nur einer Folge an Bravo abgegeben wurde.<\/p>\n<p style=\"text-align: justify;\">Gro\u00dfes Aufsehen erregte die Firma Prospect Park, als sie die Rechte an den eingestellten Daytime Soaps \u201eAll My Children\u201c und \u201eOne Life To Live\u201c kaufte und ank\u00fcndigte, beide Serien ins Internet zu bringen. Nachdem das Projekt bereits als gescheitert gewirkt hatte, brachte Prospect Park 2013 die Soaps ins Internet und die gesamte Branche verfolgte gebannt, ob dieses gro\u00df angek\u00fcndigte Unterfangen gelang. Doch nach nur wenigen Wochen wurden beide Serien wieder beendet.<\/p>\n<p style=\"text-align: justify;\">Da die Sat.1 Daily \u201eHand aufs Herz\u201c im Internet ein Erfolg war, kam der Gedanke auf, diese nach dem Ende im Fernsehen als Websoap fortzuf\u00fchren, doch am Ende wurde das Projekt wieder beendet.<\/p>\n<p style=\"text-align: justify;\">J\u00fcngst konnte die <a href=\"http:\/\/soaplexikon.de\/cms\/lexikon\/reality-soap\/\">Reality Soap<\/a> \u201eiam.serafina\u201c, die ausschlie\u00dflich im Netz lief, punkten und wurde f\u00fcr eine zweite Staffel verl\u00e4ngert.<\/p>\n<p style=\"text-align: justify;\">Auch Webspecials zu bestehenden Fernseh-Soaps werden gerne mal als Websoap bezeichnet.<\/p>\n<p style=\"text-align: justify;\">Beispiele<br \/>\n<a href=\"http:\/\/soaplexikon.de\/cms\/soaps-a-z\/alles-was-zaehlt\/\">Alles was z\u00e4hlt<\/a><br \/>\n&#8211; Unter vier Augen<br \/>\n&#8211; Beas Universum<br \/>\n<a href=\"http:\/\/soaplexikon.de\/cms\/soaps-a-z\/coronation-street\/\">Coronation Street<\/a><br \/>\n&#8211; Streetcar Stories<br \/>\n<a href=\"http:\/\/soaplexikon.de\/cms\/soaps-a-z\/dahoam-is-dahoam\/\">Dahoam is Dahoam<\/a><br \/>\n&#8211; Dahoam in Bayern<br \/>\n<a href=\"http:\/\/soaplexikon.de\/cms\/soaps-a-z\/gute-zeiten-schlechte-zeiten\/\">Gute Zeiten, schlechte Zeiten<\/a><br \/>\n&#8211; WHY<br \/>\n<a href=\"http:\/\/soaplexikon.de\/cms\/soaps-a-z\/hollyoaks\/\">Hollyoaks<\/a><br \/>\n&#8211; The Morning After the Night Before<br \/>\n&#8211; Freshers<br \/>\n&#8211; This is Abuse<br \/>\n<a href=\"http:\/\/soaplexikon.de\/cms\/soaps-a-z\/neighbours\/\">Neighbours<\/a><br \/>\n&#8211; Steph in Prison<br \/>\n&#8211; Brennan on the Run<br \/>\n&#8211; Neighbours vs Zombies<br \/>\n&#8211; Hey Piper<br \/>\n<a href=\"http:\/\/soaplexikon.de\/cms\/soaps-a-z\/spotlight-de\/\">Spotlight<\/a><br \/>\n&#8211; Mos Vlog<br \/>\n<a href=\"http:\/\/soaplexikon.de\/cms\/soaps-a-z\/unter-uns\/\">Unter Uns<\/a><br \/>\n&#8211; Des J\u00e4gers Herz<br \/>\n&#8211; Abschied von Dortmund<br \/>\n&#8211; DJ-Kotzbrocken \/ T-Time.FM<br \/>\n&#8211; Ein Koch zum K\u00fcssen<br \/>\n&#8211; Verlass mich nicht<br \/>\n&#8211; Der Job-Checker<br \/>\n<a href=\"http:\/\/soaplexikon.de\/cms\/soaps-a-z\/verbotene-liebe\/\">Verbotene Liebe<\/a><br \/>\n&#8211; Die l\u00e4ngste Nacht von K\u00f6nigsbrunn<br \/>\n&#8211; Weil es Liebe ist\u2026<br \/>\n&#8211; Jessicas Welt<br \/>\n&#8211; Chrolli<br \/>\n&#8211; Liebe ist\u2026<br \/>\n&#8211; Clarissas Tagebuch<\/p>\n<p style=\"text-align: justify;\">Das Internet bietet zudem die M\u00f6glichkeit, dass <a href=\"http:\/\/soaplexikon.de\/cms\/lexikon\/indie-soap\/\">Indie Soaps<\/a> ans Tageslicht kommen.<\/p>\n","protected":false},"excerpt":{"rendered":"<p>Websoaps sind Seifenopern, die im Internet laufen und vornehmlich f\u00fcr dieses Medium produziert wurden. Der Unterschied liegt klar in der Produktion. Die Folgen sind in der Regel wesentlich k\u00fcrzer, haben ein weit geringeres Budget und arbeiten mehr mit Gro\u00dfaufnahmen, da sie f\u00fcr einen kleinen Bildschirm und eine schwankende Bitrate konzipiert sind. Die einzelnen Folgen werden [&hellip;]<\/p>\n","protected":false},"author":2,"featured_media":0,"parent":16713,"menu_order":0,"comment_status":"closed","ping_status":"closed","template":"","meta":{"footnotes":""},"class_list":["post-44060","page","type-page","status-publish","hentry"],"_links":{"self":[{"href":"https:\/\/soaplexikon.de\/cms\/wp-json\/wp\/v2\/pages\/44060","targetHints":{"allow":["GET"]}}],"collection":[{"href":"https:\/\/soaplexikon.de\/cms\/wp-json\/wp\/v2\/pages"}],"about":[{"href":"https:\/\/soaplexikon.de\/cms\/wp-json\/wp\/v2\/types\/page"}],"author":[{"embeddable":true,"href":"https:\/\/soaplexikon.de\/cms\/wp-json\/wp\/v2\/users\/2"}],"replies":[{"embeddable":true,"href":"https:\/\/soaplexikon.de\/cms\/wp-json\/wp\/v2\/comments?post=44060"}],"version-history":[{"count":4,"href":"https:\/\/soaplexikon.de\/cms\/wp-json\/wp\/v2\/pages\/44060\/revisions"}],"predecessor-version":[{"id":44064,"href":"https:\/\/soaplexikon.de\/cms\/wp-json\/wp\/v2\/pages\/44060\/revisions\/44064"}],"up":[{"embeddable":true,"href":"https:\/\/soaplexikon.de\/cms\/wp-json\/wp\/v2\/pages\/16713"}],"wp:attachment":[{"href":"https:\/\/soaplexikon.de\/cms\/wp-json\/wp\/v2\/media?parent=44060"}],"curies":[{"name":"wp","href":"https:\/\/api.w.org\/{rel}","templated":true}]}}