{"id":44053,"date":"2016-10-24T23:19:31","date_gmt":"2016-10-24T21:19:31","guid":{"rendered":"http:\/\/soaplexikon.de\/cms\/?page_id=44053"},"modified":"2016-10-25T00:53:47","modified_gmt":"2016-10-24T22:53:47","slug":"reality-soap","status":"publish","type":"page","link":"https:\/\/soaplexikon.de\/cms\/lexikon\/reality-soap\/","title":{"rendered":"Reality Soap"},"content":{"rendered":"<p style=\"text-align: justify;\">Mit der Einf\u00fchrung der Reality-Formate im Nachmittagsprogramm der deutschen Privatsender hielt auch der Begriff der Reality Soap Einzug im Wortschatz der Medien. Gest\u00fctzt wurde dieser Begriff, nachdem bekannt wurde, dass die vermeintlich realen Geschichten gescriptet waren und durch Laiendarsteller dargestellt wurden. Seither gibt es auch den Begriff der Scripted Reality.<\/p>\n<p style=\"text-align: justify;\">Eine Reality Soap, unter R\u00fccksicht auf die Konzeption einer <a href=\"http:\/\/soaplexikon.de\/cms\/lexikon\/seifenoper\/\">Seifenoper<\/a>, weist gewisse Gemeinsamkeiten mit einer klassischen <a href=\"http:\/\/soaplexikon.de\/cms\/lexikon\/daily-soap\/\">Daily Soap<\/a> auf.<br \/>\n1. tauchen immer die gleichen Charaktere in regelm\u00e4\u00dfig bespielten Settings auf, unterst\u00fctzt durch einen Vorspann, der bereits einen Teil der Besetzung darstellt<br \/>\n2. werden in einer Zopfdramaturgie mehrere Str\u00e4nge parallel erz\u00e4hlt<br \/>\n3. werden die Geschichten \u00fcber mehrere Folgen fortgesetzt<br \/>\nDer Unterschied liegt in der Produktionsweise.<\/p>\n<p style=\"text-align: justify;\">Bei Reality Soaps wird bereits bei m\u00f6glichen Darstellern geschaut, was jeder einzelne an Interessen mitbringt. So wird gew\u00e4hrleistet, dass die Rollen auch authentisch dargestellt werden k\u00f6nnen.<\/p>\n<p style=\"text-align: justify;\">Es liegen bei den Dreharbeiten keine Drehb\u00fccher mit ausformulierten Dialogen vor. \u00c4hnlich einer Outline (Bildertreatment oder auch Storyline genannt) ist allen bekannt, wo die Szene am Ende hinf\u00fchren wird. Die Dialoge entstehen aus den jeweiligen Darstellern heraus. Das ist der Grund, weswegen meistens durchg\u00e4ngig gedreht wird ohne Schnitte. Man h\u00e4tte hier keine M\u00f6glichkeit, die Szene zu picken, also mitten in der Szene einzusteigen, da der nachfolgende Dialog pl\u00f6tzlich gestellt wirken k\u00f6nnte. Sollte am Ende der Szene nicht genau erkennbar sein, worauf die Szene eigentlich hinaus sollte, wird das Stilmittel des Voice Overs oder eine Interview-Sequenz eingebaut, die eigens daf\u00fcr geschrieben wird.<\/p>\n<p style=\"text-align: justify;\">Reality Soaps sind g\u00fcnstiger in der Produktion, da bereits an der Vorproduktion, den Darstellern und dem Team gespart wird. Gedreht wird nicht in Studios, sondern on Location. Dadurch wird das Gef\u00fchl der Authentizit\u00e4t gest\u00e4rkt.<\/p>\n<p style=\"text-align: justify;\">Unterst\u00fctzt wird dieses Gef\u00fchl durch eine starke Anbindung an die Zuschauer via Social Media. Spontane Videos oder Bilder, die aus der Sicht einer der Figuren gepostet werden, geben dem User das Gef\u00fchl, dass er direkt mit der Figur agieren kann. Die Kernzielgruppe sind die jungen Zuschauer zwischen 14 und 29 Jahre.<\/p>\n<p style=\"text-align: justify;\">R\u00fcckblickend war die ProSieben-Produktion \u201eAbschlussklasse\u201c (2003 bis 2006), die 2003 noch als vermeintlich reale Serie bei \u201eArabella\u201c gestartet war, die erste Reality Soap. Es folgte das Spin-Off \u201eFreunde\u201c (2003 bis 2006). RTL2 brachte mit \u201eBerlin \u2013 Tag &amp; Nacht\u201c (seit 2011) eine ganze Franchise auf den Markt. 2013 folgte \u201eK\u00f6ln 50667\u201c, 2015 der Primetime-Ableger \u201eMeike und Marcel \u2013 Weil ich dich liebe\u201c. F\u00fcr 2016 ist ein erneuter Ausflug in die Primetime geplant. Filmpool konnte die Rechte an \u201eBerlin \u2013 Tag &amp; Nacht\u201c mehrfach ins Ausland verkaufen.<\/p>\n<p style=\"text-align: justify;\">Sat.1 versuchte sich 2013 an \u201ePatchwork Family\u201c, das gescripteter war als die RTL2-Formate. Dies war der Grund, weswegen die Sendung bereits nach 58 Folgen vorzeitig beendet wurde. Im selben Jahr \u00fcberraschte Sport1 mit der Reality Soap \u201eWild Wanna Bees\u201c. RTL versuchte 2014, nach \u00fcber einem Jahr Vorbereitung, sein Gl\u00fcck mit \u201eBerlin Models\u201c, beendete aber die Produktion nach nur 75 Folgen.<\/p>\n<p style=\"text-align: justify;\">Der \u00fcberraschende und vor allem nachhaltige Erfolg der RTL2-Soaps hatte Einfluss auf die Optik und die Geschichten deutscher Daily Soaps. W\u00e4hrend zuvor Tattoos und markante Darsteller und Charaktere eher in Form von Gastrollen zu sehen waren, tauchten diese fortan immer h\u00e4ufiger auf.<\/p>\n","protected":false},"excerpt":{"rendered":"<p>Mit der Einf\u00fchrung der Reality-Formate im Nachmittagsprogramm der deutschen Privatsender hielt auch der Begriff der Reality Soap Einzug im Wortschatz der Medien. Gest\u00fctzt wurde dieser Begriff, nachdem bekannt wurde, dass die vermeintlich realen Geschichten gescriptet waren und durch Laiendarsteller dargestellt wurden. Seither gibt es auch den Begriff der Scripted Reality. Eine Reality Soap, unter R\u00fccksicht [&hellip;]<\/p>\n","protected":false},"author":2,"featured_media":0,"parent":16713,"menu_order":0,"comment_status":"closed","ping_status":"closed","template":"","meta":{"footnotes":""},"class_list":["post-44053","page","type-page","status-publish","hentry"],"_links":{"self":[{"href":"https:\/\/soaplexikon.de\/cms\/wp-json\/wp\/v2\/pages\/44053","targetHints":{"allow":["GET"]}}],"collection":[{"href":"https:\/\/soaplexikon.de\/cms\/wp-json\/wp\/v2\/pages"}],"about":[{"href":"https:\/\/soaplexikon.de\/cms\/wp-json\/wp\/v2\/types\/page"}],"author":[{"embeddable":true,"href":"https:\/\/soaplexikon.de\/cms\/wp-json\/wp\/v2\/users\/2"}],"replies":[{"embeddable":true,"href":"https:\/\/soaplexikon.de\/cms\/wp-json\/wp\/v2\/comments?post=44053"}],"version-history":[{"count":3,"href":"https:\/\/soaplexikon.de\/cms\/wp-json\/wp\/v2\/pages\/44053\/revisions"}],"predecessor-version":[{"id":44056,"href":"https:\/\/soaplexikon.de\/cms\/wp-json\/wp\/v2\/pages\/44053\/revisions\/44056"}],"up":[{"embeddable":true,"href":"https:\/\/soaplexikon.de\/cms\/wp-json\/wp\/v2\/pages\/16713"}],"wp:attachment":[{"href":"https:\/\/soaplexikon.de\/cms\/wp-json\/wp\/v2\/media?parent=44053"}],"curies":[{"name":"wp","href":"https:\/\/api.w.org\/{rel}","templated":true}]}}