{"id":44045,"date":"2016-10-24T22:49:52","date_gmt":"2016-10-24T20:49:52","guid":{"rendered":"http:\/\/soaplexikon.de\/cms\/?page_id=44045"},"modified":"2016-10-25T00:13:11","modified_gmt":"2016-10-24T22:13:11","slug":"indie-soap","status":"publish","type":"page","link":"https:\/\/soaplexikon.de\/cms\/lexikon\/indie-soap\/","title":{"rendered":"Indie Soap"},"content":{"rendered":"<p style=\"text-align: justify;\">Indie Soaps sind <a href=\"http:\/\/soaplexikon.de\/cms\/lexikon\/seifenoper\/\">Seifenopern<\/a>, die unabh\u00e4ngig von gro\u00dfen Produzenten oder Sendern hergestellt werden. Im Gegensatz zu <a href=\"http:\/\/soaplexikon.de\/cms\/lexikon\/websoap\/\">Websoaps<\/a>, die ausschlie\u00dflich im Netz laufen, gibt es Indie Soaps, die auf kleinen Lokalsendern laufen. Im direkten Vergleich zu richtigen Fernsehserien ist erkennbar, dass hier kaum finanzielle Mittel zur Verf\u00fcgung stehen, weswegen sie oftmals auch als Trash-Soaps bezeichnet werden.<\/p>\n<p style=\"text-align: justify;\">Beispiele:<br \/>\nPlatz der Freundschaft (2006 bis 2009)<br \/>\n<a href=\"http:\/\/www.we-together.info\">we together<\/a> (2007 bis 2009)<\/p>\n","protected":false},"excerpt":{"rendered":"<p>Indie Soaps sind Seifenopern, die unabh\u00e4ngig von gro\u00dfen Produzenten oder Sendern hergestellt werden. Im Gegensatz zu Websoaps, die ausschlie\u00dflich im Netz laufen, gibt es Indie Soaps, die auf kleinen Lokalsendern laufen. Im direkten Vergleich zu richtigen Fernsehserien ist erkennbar, dass hier kaum finanzielle Mittel zur Verf\u00fcgung stehen, weswegen sie oftmals auch als Trash-Soaps bezeichnet werden. [&hellip;]<\/p>\n","protected":false},"author":2,"featured_media":0,"parent":16713,"menu_order":0,"comment_status":"closed","ping_status":"closed","template":"","meta":{"footnotes":""},"class_list":["post-44045","page","type-page","status-publish","hentry"],"_links":{"self":[{"href":"https:\/\/soaplexikon.de\/cms\/wp-json\/wp\/v2\/pages\/44045","targetHints":{"allow":["GET"]}}],"collection":[{"href":"https:\/\/soaplexikon.de\/cms\/wp-json\/wp\/v2\/pages"}],"about":[{"href":"https:\/\/soaplexikon.de\/cms\/wp-json\/wp\/v2\/types\/page"}],"author":[{"embeddable":true,"href":"https:\/\/soaplexikon.de\/cms\/wp-json\/wp\/v2\/users\/2"}],"replies":[{"embeddable":true,"href":"https:\/\/soaplexikon.de\/cms\/wp-json\/wp\/v2\/comments?post=44045"}],"version-history":[{"count":3,"href":"https:\/\/soaplexikon.de\/cms\/wp-json\/wp\/v2\/pages\/44045\/revisions"}],"predecessor-version":[{"id":44065,"href":"https:\/\/soaplexikon.de\/cms\/wp-json\/wp\/v2\/pages\/44045\/revisions\/44065"}],"up":[{"embeddable":true,"href":"https:\/\/soaplexikon.de\/cms\/wp-json\/wp\/v2\/pages\/16713"}],"wp:attachment":[{"href":"https:\/\/soaplexikon.de\/cms\/wp-json\/wp\/v2\/media?parent=44045"}],"curies":[{"name":"wp","href":"https:\/\/api.w.org\/{rel}","templated":true}]}}