{"id":44040,"date":"2016-10-24T22:32:06","date_gmt":"2016-10-24T20:32:06","guid":{"rendered":"http:\/\/soaplexikon.de\/cms\/?page_id=44040"},"modified":"2016-10-31T19:50:14","modified_gmt":"2016-10-31T18:50:14","slug":"prime-time-soap","status":"publish","type":"page","link":"https:\/\/soaplexikon.de\/cms\/lexikon\/prime-time-soap\/","title":{"rendered":"Prime-Time Soap"},"content":{"rendered":"<p style=\"text-align: justify;\">Die Prime-Time ist die Hauptsendezeit. In den USA ab 20:00 Uhr, in Deutschland ab 20:15 Uhr. Als Prime-Time Soap versteht sich eine w\u00f6chentliche <a href=\"http:\/\/soaplexikon.de\/cms\/lexikon\/seifenoper\/\">Seifenoper<\/a>, die in der Hauptsendezeit ausgestrahlt wird. Hierzulande ist das \u00c4quivalent die <a href=\"http:\/\/soaplexikon.de\/cms\/lexikon\/weekly-soap\/\">Weekly Soap<\/a>, da die meisten w\u00f6chentlichen Soaps im Vorabend, also der Access Prime-Time, ausgestrahlt werden.<\/p>\n<p style=\"text-align: justify;\">Die erste Prime-Time Soap war 1946 die zw\u00f6lfteilige Serie \u201e<a href=\"http:\/\/soaplexikon.de\/cms\/soaps-a-z\/faraway-hill\/\">Faraway Hill<\/a>\u201c. Die erste langlaufende Prime-Time Soap war \u201ePeyton Place\u201c (1964 bis 1969).<\/p>\n<p style=\"text-align: justify;\">Den gro\u00dfen Durchbruch hatten die 1980er Prime-Time Soaps \u201eDallas\u201c (1978 bis 1991), \u201eKnots Landing\u201c (1979 bis 1993), \u201eFalcon Crest\u201c (1981 bis 1990) und \u201eDynasty\u201c (Deutsch: Der Denver Clan; 1981 bis 1989). Diese erlangten auch hierzulande gro\u00dfen Ruhm. In den 1990ern folgten die gro\u00dfen Teen Soaps.<\/p>\n<p style=\"text-align: justify;\">In Anlehnung an die erfolgreichen Soaps aus den USA strahlte das ZDF ab 1987 die Prime-Time Soap \u201eDas Erbe der Guldenburgs\u201c aus. Es wurde auf wohlhabende Familien und den Kampf um Macht gesetzt. 2009 versuchte sich die ARD mit \u201eGeld.Macht.Liebe\u201c am selben Thema. Beide Serien bestechen f\u00fcr die jeweiligen Verh\u00e4ltnisse \u00fcber einen hochwertigen Look. \u00dcber die Ausstattung wurde das Gef\u00fchl transportiert, dass diese Familien wohlhabend sind.<\/p>\n<p style=\"text-align: justify;\">Die ersten deutschen Prime-Time Soaps waren \u201eStadtklinik\u201c (1993 bis 2000), \u201eDie Wache\u201c (1994 bis 2006) und \u201eHinter Gittern \u2013 Der Frauenknast\u201c (1997 bis 2007) bei RTL. Im Ersten startete 1998 \u201e<a href=\"http:\/\/soaplexikon.de\/cms\/soaps-a-z\/in-aller-freundschaft\/\">In aller Freundschaft<\/a>\u201c. Im Jahr 2000 versuchte sich RTL am \u201e<a href=\"http:\/\/soaplexikon.de\/cms\/soaps-a-z\/gute-zeiten-schlechte-zeiten\/\">Gute Zeiten, schlechte Zeiten<\/a>\u201c-Ableger \u201e<a href=\"http:\/\/soaplexikon.de\/cms\/soaps-a-z\/grossstadttraeume\/\">Gro\u00dfstadttr\u00e4ume<\/a>\u201c, damit vor \u201eHinter Gittern\u201c die Soapschiene aufrecht erhalten werden konnte. 2004 versuchte man auf demselben Sendeplatz \u201eVerschollen\u201c, doch auch diese Serie scheiterte. 2009 versuchte sich Sat.1 an einer eigenen Krankenhausserie \u201eKlinik am Alex\u201c, setzte die Serie aber nach k\u00fcrzester Zeit wieder ab. 2010 begann Das Erste mit der Ausstrahlung von \u201e<a href=\"http:\/\/soaplexikon.de\/cms\/soaps-a-z\/weissensee\/\">Weissensee<\/a>\u201c.<\/p>\n<p style=\"text-align: justify;\">Der bisher letzte Versuch einer neuen Prime Time Soap war 2015 \u201e<a href=\"http:\/\/soaplexikon.de\/cms\/soaps-a-z\/block-b-unter-arrest\/\">Block B \u2013 Unter Arrest<\/a>\u201c bei RTL, eine Adaption der australischen Soap \u201e<a href=\"http:\/\/soaplexikon.de\/cms\/soaps-a-z\/wentworth\/\">Wentworth<\/a>\u201c.<\/p>\n","protected":false},"excerpt":{"rendered":"<p>Die Prime-Time ist die Hauptsendezeit. In den USA ab 20:00 Uhr, in Deutschland ab 20:15 Uhr. Als Prime-Time Soap versteht sich eine w\u00f6chentliche Seifenoper, die in der Hauptsendezeit ausgestrahlt wird. Hierzulande ist das \u00c4quivalent die Weekly Soap, da die meisten w\u00f6chentlichen Soaps im Vorabend, also der Access Prime-Time, ausgestrahlt werden. Die erste Prime-Time Soap war [&hellip;]<\/p>\n","protected":false},"author":2,"featured_media":0,"parent":16713,"menu_order":0,"comment_status":"closed","ping_status":"closed","template":"","meta":{"footnotes":""},"class_list":["post-44040","page","type-page","status-publish","hentry"],"_links":{"self":[{"href":"https:\/\/soaplexikon.de\/cms\/wp-json\/wp\/v2\/pages\/44040","targetHints":{"allow":["GET"]}}],"collection":[{"href":"https:\/\/soaplexikon.de\/cms\/wp-json\/wp\/v2\/pages"}],"about":[{"href":"https:\/\/soaplexikon.de\/cms\/wp-json\/wp\/v2\/types\/page"}],"author":[{"embeddable":true,"href":"https:\/\/soaplexikon.de\/cms\/wp-json\/wp\/v2\/users\/2"}],"replies":[{"embeddable":true,"href":"https:\/\/soaplexikon.de\/cms\/wp-json\/wp\/v2\/comments?post=44040"}],"version-history":[{"count":5,"href":"https:\/\/soaplexikon.de\/cms\/wp-json\/wp\/v2\/pages\/44040\/revisions"}],"predecessor-version":[{"id":44098,"href":"https:\/\/soaplexikon.de\/cms\/wp-json\/wp\/v2\/pages\/44040\/revisions\/44098"}],"up":[{"embeddable":true,"href":"https:\/\/soaplexikon.de\/cms\/wp-json\/wp\/v2\/pages\/16713"}],"wp:attachment":[{"href":"https:\/\/soaplexikon.de\/cms\/wp-json\/wp\/v2\/media?parent=44040"}],"curies":[{"name":"wp","href":"https:\/\/api.w.org\/{rel}","templated":true}]}}