{"id":44035,"date":"2016-10-24T22:17:08","date_gmt":"2016-10-24T20:17:08","guid":{"rendered":"http:\/\/soaplexikon.de\/cms\/?page_id=44035"},"modified":"2016-10-24T23:36:40","modified_gmt":"2016-10-24T21:36:40","slug":"narco-novela","status":"publish","type":"page","link":"https:\/\/soaplexikon.de\/cms\/lexikon\/narco-novela\/","title":{"rendered":"Narco Novela"},"content":{"rendered":"<p style=\"text-align: justify;\">Die Narco Novela (Spanisch: Drogen-Roman) findet ihren Ursprung in der kolumbianischen Drogen-<a href=\"http:\/\/soaplexikon.de\/cms\/lexikon\/telenovela\/\">Telenovela<\/a> \u201eSin tetas no hay para\u00edso\u201c aus dem Jahr 2006. Im Zentrum steht eine Figur, diese kann sowohl m\u00e4nnlich als auch weiblich sein, die sich in der Drogenwelt behaupten muss. Machtspiele, Gewalt, Drogen und Sex sind dabei wichtige Faktoren, die auch f\u00fcr den gro\u00dfen Erfolg der Formate mitverantwortlich sind. Die Antagonisten dieser Figur sind dabei auch gerne mal die H\u00fcter des Rechts, wodurch verdeutlicht wird, dass man einer antagonistischen Figur folgt. Am Ende stehen entweder der Tod der zentralen Figur oder der vorget\u00e4uschte Tod und damit eine Flucht in ein neues Leben. Der Vorteil an diesem offenen Ende ist, dass die Serie, entgegen ihrer eigentlichen Konzeption als Telenovela, fortgesetzt werden kann.<\/p>\n<p style=\"text-align: justify;\">F\u00e4lschlicherweise werden gelegentlich auch Telenovelas, die sich mit antagonistischen Protagonisten besch\u00e4ftigen, aber in keiner Drogen-Welt verankert sind, als Narco Novela bezeichnet.<\/p>\n","protected":false},"excerpt":{"rendered":"<p>Die Narco Novela (Spanisch: Drogen-Roman) findet ihren Ursprung in der kolumbianischen Drogen-Telenovela \u201eSin tetas no hay para\u00edso\u201c aus dem Jahr 2006. Im Zentrum steht eine Figur, diese kann sowohl m\u00e4nnlich als auch weiblich sein, die sich in der Drogenwelt behaupten muss. Machtspiele, Gewalt, Drogen und Sex sind dabei wichtige Faktoren, die auch f\u00fcr den gro\u00dfen [&hellip;]<\/p>\n","protected":false},"author":2,"featured_media":0,"parent":16713,"menu_order":0,"comment_status":"closed","ping_status":"closed","template":"","meta":{"footnotes":""},"class_list":["post-44035","page","type-page","status-publish","hentry"],"_links":{"self":[{"href":"https:\/\/soaplexikon.de\/cms\/wp-json\/wp\/v2\/pages\/44035","targetHints":{"allow":["GET"]}}],"collection":[{"href":"https:\/\/soaplexikon.de\/cms\/wp-json\/wp\/v2\/pages"}],"about":[{"href":"https:\/\/soaplexikon.de\/cms\/wp-json\/wp\/v2\/types\/page"}],"author":[{"embeddable":true,"href":"https:\/\/soaplexikon.de\/cms\/wp-json\/wp\/v2\/users\/2"}],"replies":[{"embeddable":true,"href":"https:\/\/soaplexikon.de\/cms\/wp-json\/wp\/v2\/comments?post=44035"}],"version-history":[{"count":5,"href":"https:\/\/soaplexikon.de\/cms\/wp-json\/wp\/v2\/pages\/44035\/revisions"}],"predecessor-version":[{"id":44058,"href":"https:\/\/soaplexikon.de\/cms\/wp-json\/wp\/v2\/pages\/44035\/revisions\/44058"}],"up":[{"embeddable":true,"href":"https:\/\/soaplexikon.de\/cms\/wp-json\/wp\/v2\/pages\/16713"}],"wp:attachment":[{"href":"https:\/\/soaplexikon.de\/cms\/wp-json\/wp\/v2\/media?parent=44035"}],"curies":[{"name":"wp","href":"https:\/\/api.w.org\/{rel}","templated":true}]}}