{"id":43962,"date":"2016-10-24T23:03:30","date_gmt":"2016-10-24T21:03:30","guid":{"rendered":"http:\/\/soaplexikon.de\/cms\/?page_id=43962"},"modified":"2016-10-24T23:37:46","modified_gmt":"2016-10-24T21:37:46","slug":"radio-soap","status":"publish","type":"page","link":"https:\/\/soaplexikon.de\/cms\/lexikon\/radio-soap\/","title":{"rendered":"Radio Soap | Radio Novela"},"content":{"rendered":"<p style=\"text-align: justify;\">Die Radio Novela, die sp\u00e4ter durch die <a href=\"http:\/\/soaplexikon.de\/cms\/lexikon\/telenovela\/\">Telenovela<\/a> abgel\u00f6st wurde, war bereits ab den 1920ern das lateinamerikanische Pendant zur Radio Soap. Sie war ein H\u00f6rspiel, das in mehreren Kapiteln erz\u00e4hlt wurde. Es war von Anfang an daraus ausgelegt, dass die Zuh\u00f6rer am n\u00e4chsten Tag wieder einschalteten, um den Fortgang verfolgen zu k\u00f6nnen.<\/p>\n<p style=\"text-align: justify;\">Die Radio Soap fand am 20. Oktober 1930 mit \u201ePainted Dreams\u201c (1930 bis 1943) von <a href=\"http:\/\/soaplexikon.de\/cms\/timeline\/ursprung-der-soap-die-radio-soap-irna-phillipps\/\">Irna Phillips<\/a> ihren Anfang. Am 10. Oktober 1932 folgte mit der Radioserie \u201eBetty and Bob\u201c (1932 bis 1940) die erste Radioserie von <a href=\"http:\/\/soaplexikon.de\/cms\/timeline\/ursprung-der-soap-die-radio-soap-frank-anne-hummert\/\">Frank &amp; Anne Hummert<\/a>, damals noch Anne Ashenhurst. Doch es gab bereits zuvor Radio-Serien, die aber nicht t\u00e4glich ausgestrahlt wurden und nicht die Form einer <a href=\"http:\/\/soaplexikon.de\/cms\/lexikon\/seifenoper\/\">Seifenoper<\/a> hatten. Erst \u201eMa Perkins\u201c (1933 bis 1960) gab ab dem 14. August 1933 der Radio-Soap den \u201eSeifen-Anteil\u201c. \u201eMa Perkins\u201c war die erste Radioserie, die von dem Seifenhersteller Procter &amp; Gamble gesponsert wurde. Weitere Sponsoren waren u.a. Colgate-Palmolive und Lever Brothers.<\/p>\n<p style=\"text-align: justify;\">In den folgenden Jahren wurden Radio-Soaps immer beliebter, was zur Folge hatte, dass es 1940 64 parallel laufende Soaps gab. Mit der Einf\u00fchrung des Fernsehens ging das Interesse am Medium Radio stetig zur\u00fcck. 1961 war die Radio-Soap in den USA Geschichte. \u201eThe Guiding Light\u201c (hierzulande bekannt als \u201eSpringfield Story\u201c), am 25. Januar 1937 im Radio gestartet, gelang am 30. Juni 1952 der Wechsel ins US-Fernsehen. Dort lief die <a href=\"http:\/\/soaplexikon.de\/cms\/lexikon\/daytime-soap\/\">Daytime Soap<\/a> bis zum 18. September 2009.<\/p>\n<p style=\"text-align: justify;\">Seit dem 13. Februar 1950 produziert die BBC die inzwischen \u00e4lteste und erfolgreichste Radio-Soap \u201eThe Archers\u201c.<\/p>\n","protected":false},"excerpt":{"rendered":"<p>Die Radio Novela, die sp\u00e4ter durch die Telenovela abgel\u00f6st wurde, war bereits ab den 1920ern das lateinamerikanische Pendant zur Radio Soap. Sie war ein H\u00f6rspiel, das in mehreren Kapiteln erz\u00e4hlt wurde. Es war von Anfang an daraus ausgelegt, dass die Zuh\u00f6rer am n\u00e4chsten Tag wieder einschalteten, um den Fortgang verfolgen zu k\u00f6nnen. Die Radio Soap [&hellip;]<\/p>\n","protected":false},"author":2,"featured_media":0,"parent":16713,"menu_order":0,"comment_status":"closed","ping_status":"closed","template":"","meta":{"footnotes":""},"class_list":["post-43962","page","type-page","status-publish","hentry"],"_links":{"self":[{"href":"https:\/\/soaplexikon.de\/cms\/wp-json\/wp\/v2\/pages\/43962","targetHints":{"allow":["GET"]}}],"collection":[{"href":"https:\/\/soaplexikon.de\/cms\/wp-json\/wp\/v2\/pages"}],"about":[{"href":"https:\/\/soaplexikon.de\/cms\/wp-json\/wp\/v2\/types\/page"}],"author":[{"embeddable":true,"href":"https:\/\/soaplexikon.de\/cms\/wp-json\/wp\/v2\/users\/2"}],"replies":[{"embeddable":true,"href":"https:\/\/soaplexikon.de\/cms\/wp-json\/wp\/v2\/comments?post=43962"}],"version-history":[{"count":3,"href":"https:\/\/soaplexikon.de\/cms\/wp-json\/wp\/v2\/pages\/43962\/revisions"}],"predecessor-version":[{"id":44059,"href":"https:\/\/soaplexikon.de\/cms\/wp-json\/wp\/v2\/pages\/43962\/revisions\/44059"}],"up":[{"embeddable":true,"href":"https:\/\/soaplexikon.de\/cms\/wp-json\/wp\/v2\/pages\/16713"}],"wp:attachment":[{"href":"https:\/\/soaplexikon.de\/cms\/wp-json\/wp\/v2\/media?parent=43962"}],"curies":[{"name":"wp","href":"https:\/\/api.w.org\/{rel}","templated":true}]}}