{"id":43330,"date":"2015-10-18T00:00:06","date_gmt":"2015-10-17T22:00:06","guid":{"rendered":"http:\/\/soaplexikon.de\/cms\/?page_id=43330"},"modified":"2016-09-21T21:56:12","modified_gmt":"2016-09-21T19:56:12","slug":"ursprung-der-soap-die-radio-soap-frank-anne-hummert","status":"publish","type":"page","link":"https:\/\/soaplexikon.de\/cms\/timeline\/ursprung-der-soap-die-radio-soap-frank-anne-hummert\/","title":{"rendered":"Ursprung der Soap: Die Radio-Soap &#8211; Frank &#038; Anne Hummert"},"content":{"rendered":"<p>Frank Hummert arbeitete als Werbetexter, als ihm der Erfolg der Fortsetzungsgeschichten in Zeitungen und Zeitschriften auffiel. Diesen Erfolg wollte er auf das Medium Radio \u00fcbertragen. Auf der einen Seite sollten die Daily Dramas das Leben der Hausfrauen wiedergeben, auf der andere Seite wollte er eine Fluchtm\u00f6glichkeit in eine Welt voll Romantik und Fantasie bieten &#8211; was im Kontrast zu Phillips&#8216; &#8222;realer&#8220; Welt stand.<\/p>\n<hr \/>\n<p>&nbsp;<\/p>\n<p>Mit seiner Assistentin Anne Ashenhurst, welche er 1935 heiratete, und dem Autor Charles Robert Douglas Hardy Andrews begann er Geschichten zu entwickeln. In den Vierziger Jahren des 20. Jahrhunderts produzierten die Hummerts 12 Serials pro Tag und f\u00fchrten eine regelrechte &#8222;Seifenoperfabrik&#8220;, was man heutzutage als Prototyp f\u00fcr die Drehbuchautorenteams der heutigen Zeit bezeichnen k\u00f6nnte, wobei die verschiedensten Aspekte innerhalb eines Scripts von verschiedenen Autoren geschrieben wurden.<\/p>\n<p>An dieser &#8222;Flie\u00dfbandarbeit&#8220; waren verschiedenste Berufe gruppiert: es gab zahlreiche Stenographen, Autoren, Lektoren und Regisseure f\u00fcr ihre unendlich vielen Programme. Dazu kamen noch hunderte freiberufliche Schauspieler, Ansager und Musiker, die alle in ihren Programmen auftraten.<\/p>\n<p>Die Hummerts schrieben eine sehr grobe Outline f\u00fcr die jeweilige Folge, welche dann von einem ihrer Autoren in Dialogform gebracht, ausgearbeitet und mit Details gef\u00fcllt wurde. Sie arbeiteten 14 Stunden jeden Tag, aber dank der hohen Anzahl an Angestellten war es ihrer Firma &#8222;Air Features Incorporated&#8220; (AFI) m\u00f6glich, 18 Serials gleichzeitig produzieren zu k\u00f6nnen und mit ihren anderen Sendungen um die 30 Programmstunden f\u00fcllen zu k\u00f6nnen. Bei den Hummerts z\u00e4hlte offensichtlich Quantit\u00e4t mehr als Qualit\u00e4t, denn Kritiker bem\u00e4ngelten oft die banalen Handlungen.<\/p>\n<p>Zwischen 1932 und 1933 brachten die Hummerts drei Seifenopern auf Sendung, die das Genre f\u00fcr die n\u00e4chsten 30 Jahre mitbestimmen sollten: &#8222;Just Plain Bill&#8220;, &#8222;The Romance of Helen Trent&#8220; und &#8222;Ma Perkins&#8220;. An diesen drei Soaps w\u00fcrden sich viele nachfolgende orientieren, jedoch scheiterten die meisten unter ihnen.<\/p>\n<p>Die meisten Plots der Hummerts behandelten die Grenze zwischen reich und arm bzw. die emporstrebende Mittelklasse. Sie spendeten ihre Zuh\u00f6rerschaft Trost, zuerst w\u00e4hrend der Jahre der Depression und dann w\u00e4hrend des zweiten Weltkrieges. (Cox 2005: 106-108).<\/p>\n","protected":false},"excerpt":{"rendered":"<p>Frank Hummert arbeitete als Werbetexter, als ihm der Erfolg der Fortsetzungsgeschichten in Zeitungen und Zeitschriften auffiel. Diesen Erfolg wollte er auf das Medium Radio \u00fcbertragen. Auf der einen Seite sollten die Daily Dramas das Leben der Hausfrauen wiedergeben, auf der andere Seite wollte er eine Fluchtm\u00f6glichkeit in eine Welt voll Romantik und Fantasie bieten &#8211; [&hellip;]<\/p>\n","protected":false},"author":3,"featured_media":0,"parent":43914,"menu_order":3,"comment_status":"closed","ping_status":"closed","template":"","meta":{"footnotes":""},"class_list":["post-43330","page","type-page","status-publish","hentry"],"_links":{"self":[{"href":"https:\/\/soaplexikon.de\/cms\/wp-json\/wp\/v2\/pages\/43330","targetHints":{"allow":["GET"]}}],"collection":[{"href":"https:\/\/soaplexikon.de\/cms\/wp-json\/wp\/v2\/pages"}],"about":[{"href":"https:\/\/soaplexikon.de\/cms\/wp-json\/wp\/v2\/types\/page"}],"author":[{"embeddable":true,"href":"https:\/\/soaplexikon.de\/cms\/wp-json\/wp\/v2\/users\/3"}],"replies":[{"embeddable":true,"href":"https:\/\/soaplexikon.de\/cms\/wp-json\/wp\/v2\/comments?post=43330"}],"version-history":[{"count":3,"href":"https:\/\/soaplexikon.de\/cms\/wp-json\/wp\/v2\/pages\/43330\/revisions"}],"predecessor-version":[{"id":43334,"href":"https:\/\/soaplexikon.de\/cms\/wp-json\/wp\/v2\/pages\/43330\/revisions\/43334"}],"up":[{"embeddable":true,"href":"https:\/\/soaplexikon.de\/cms\/wp-json\/wp\/v2\/pages\/43914"}],"wp:attachment":[{"href":"https:\/\/soaplexikon.de\/cms\/wp-json\/wp\/v2\/media?parent=43330"}],"curies":[{"name":"wp","href":"https:\/\/api.w.org\/{rel}","templated":true}]}}