{"id":43324,"date":"2015-10-04T00:00:52","date_gmt":"2015-10-03T22:00:52","guid":{"rendered":"http:\/\/soaplexikon.de\/cms\/?page_id=43324"},"modified":"2016-09-21T21:56:19","modified_gmt":"2016-09-21T19:56:19","slug":"ursprung-der-soap-der-fortsetzungsroman","status":"publish","type":"page","link":"https:\/\/soaplexikon.de\/cms\/timeline\/ursprung-der-soap-der-fortsetzungsroman\/","title":{"rendered":"Ursprung der Soap: Der Fortsetzungsroman"},"content":{"rendered":"<p>Der Startschuss f\u00fcr das &#8222;serial narrative&#8220;, wie man es heute kennt, wurde im englischsprachigen Raum 1836 abgefeuert, als der Kolumnist Charles Dickens von den Verlegern Chapman und Hall das Angebot bekam, eine Geschichte in monatlichen Fortsetzungen zu schreiben&#8230;<\/p>\n<hr \/>\n<p>&nbsp;<\/p>\n<p>Die Verleger baten ihn, \u00fcber die lustigen Abenteuer eines Metropolitan Clubs zu schreiben, dessen Mitglieder Charaktertypen darstellten, die die neue urbane Bev\u00f6lkerung widerspiegelten. Bereits abgeschlossene Geschichten waren zuvor schon in kleineren Abschnitten verlegt worden, aber &#8222;The Pickwick Papers&#8220; war die erste Geschichte ihrer Art, die verlegt wurde, ohne dass ein Ende in Sicht war. Die Papers waren ein einschlagender Erfolg und das damalige \u00c4quivalent zum heutigen Massenkulturph\u00e4nomen.<\/p>\n<p>In den Vereinigten Staaten gab die Zeitschrift &#8222;Harper&#8217;s Monthly&#8220; 1850 die Entwicklung eines Fortsetzungsromans in Auftrag, und schon bald tauchten die Leser in die fortgehenden Geschichten von Nathaniel Hawthorne, Mark Twain und Henry James ein, welche heute zu den wichtigsten amerikanischen Autoren z\u00e4hlen.<\/p>\n<p>Sowohl in England als auch in den Vereinigten Staaten identifizierten sich die Leser mit den Charakteren und kamen mit anderen Lesern zusammen, um sich dar\u00fcber auszutauschen, was passiert war und im n\u00e4chsten Kapitel sein k\u00f6nnte. Das Zusammenkommen und der gemeinsame Austausch sind wichtige Gesichtspunkte, die auch heute noch vorherrschen.<\/p>\n<p>Einen weiteren Aufschwung an Popularit\u00e4t erlangte der Fortsetzungsroman zu Beginn des 20. Jahrhunderts, als in den Tageszeitungen Comic Strips abgedruckt wurden. Diese wurden sieben Tage die Woche gedruckt, und die von den Charakteren erlebten Abenteuer fanden erst in viel sp\u00e4teren Strips ein Ende. \u00c4hnlich wurde in der Filmindustrie verfahren: Filme wurden in den Zwanzigern in Segmenten gezeigt.<\/p>\n<p>Einer dieser Comics fand den Weg ins Radio. Bis dato wurden eher Monologe anstatt Dialoge gef\u00fchrt, und als die Tageszeitung Chicago Tribune sich entschloss, einen ihrer Strips im Radio zum Leben zu erwecken, war der Fortsetzungsroman im Radio geboren, wenn auch nicht als Seifenoper. &#8222;The Gumps&#8220; erz\u00e4hlte aus dem Leben der namensgebenden Familie. Sie war eine typisch amerikanische Familie mit Problemen, mit denen sich die Zuh\u00f6rerschaft auch auseinanderzusetzen hatte. Der gro\u00dfe Erfolg dieser Reihe lie\u00df weitere wie Pilze aus dem Boden schie\u00dfen: &#8222;Amos &#8217;n&#8216; Andy&#8220; erz\u00e4hlte von den finanziellen Problemen zwei herumreisender Schwarzer aus Georgia, &#8222;One Man&#8217;s Family&#8220; handelte vom Barbour-Clan im Stadtteil Sea Cliff in San Francisco und &#8222;The Goldbergs&#8220; waren eine arme j\u00fcdische Familie, die in New Yorks Lower East Side wohnte.<\/p>\n<p>Die Mehrzahl dieser Programme lief im Abendprogramm, da Produzenten besorgt waren, dass die zuh\u00f6rende Hausfrau zu sehr abgelenkt sei und sich nicht auf ihre Arbeit konzentrieren k\u00f6nne&#8230;<\/p>\n<p><a href=\"http:\/\/soaplexikon.de\/cms\/lexikon\/ursprung-der-soap-die-radio-soap-irna-phillipps\/\">Ursprung der Soap: Die Radio-Soap \u2013 Irna Phillipps<\/a><\/p>\n","protected":false},"excerpt":{"rendered":"<p>Der Startschuss f\u00fcr das &#8222;serial narrative&#8220;, wie man es heute kennt, wurde im englischsprachigen Raum 1836 abgefeuert, als der Kolumnist Charles Dickens von den Verlegern Chapman und Hall das Angebot bekam, eine Geschichte in monatlichen Fortsetzungen zu schreiben&#8230; &nbsp; Die Verleger baten ihn, \u00fcber die lustigen Abenteuer eines Metropolitan Clubs zu schreiben, dessen Mitglieder Charaktertypen [&hellip;]<\/p>\n","protected":false},"author":3,"featured_media":0,"parent":43914,"menu_order":0,"comment_status":"closed","ping_status":"closed","template":"","meta":{"footnotes":""},"class_list":["post-43324","page","type-page","status-publish","hentry"],"_links":{"self":[{"href":"https:\/\/soaplexikon.de\/cms\/wp-json\/wp\/v2\/pages\/43324","targetHints":{"allow":["GET"]}}],"collection":[{"href":"https:\/\/soaplexikon.de\/cms\/wp-json\/wp\/v2\/pages"}],"about":[{"href":"https:\/\/soaplexikon.de\/cms\/wp-json\/wp\/v2\/types\/page"}],"author":[{"embeddable":true,"href":"https:\/\/soaplexikon.de\/cms\/wp-json\/wp\/v2\/users\/3"}],"replies":[{"embeddable":true,"href":"https:\/\/soaplexikon.de\/cms\/wp-json\/wp\/v2\/comments?post=43324"}],"version-history":[{"count":3,"href":"https:\/\/soaplexikon.de\/cms\/wp-json\/wp\/v2\/pages\/43324\/revisions"}],"predecessor-version":[{"id":43682,"href":"https:\/\/soaplexikon.de\/cms\/wp-json\/wp\/v2\/pages\/43324\/revisions\/43682"}],"up":[{"embeddable":true,"href":"https:\/\/soaplexikon.de\/cms\/wp-json\/wp\/v2\/pages\/43914"}],"wp:attachment":[{"href":"https:\/\/soaplexikon.de\/cms\/wp-json\/wp\/v2\/media?parent=43324"}],"curies":[{"name":"wp","href":"https:\/\/api.w.org\/{rel}","templated":true}]}}