{"id":43320,"date":"2015-09-06T00:00:40","date_gmt":"2015-09-05T22:00:40","guid":{"rendered":"http:\/\/soaplexikon.de\/cms\/?page_id=43320"},"modified":"2016-11-09T23:02:46","modified_gmt":"2016-11-09T22:02:46","slug":"period-drama","status":"publish","type":"page","link":"https:\/\/soaplexikon.de\/cms\/lexikon\/period-drama\/","title":{"rendered":"Period Drama | Kost\u00fcmdrama"},"content":{"rendered":"<p style=\"text-align: justify;\">In Gro\u00dfbritannien wurden in den 1960ern vermehrt Period Dramas ausgestrahlt, die in ihrer narrativen Struktur der <a href=\"http:\/\/soaplexikon.de\/cms\/lexikon\/seifenoper\/\">Seifenoper<\/a> glichen und dementsprechend oft auch als solche bezeichnet werden. W\u00e4hrend das Kost\u00fcmdrama mit hohen Kosten f\u00fcr Ausstattung, Maske und Kost\u00fcm verbunden ist, hat es den Vorteil, dass es gro\u00dfe Zeitspr\u00fcnge optisch darstellen kann durch Neuerungen. Serien, die in der Gegenwart spielen, k\u00f6nnen keine meist gro\u00dfen Zeitspr\u00fcnge machen, da sie sonst in der Zukunft spielen. Ein gro\u00dfes Problem stellt die Sprache dar. Ist die Produktion mutig und traut den Zuschauern die alte Sprache zu oder wird in einer modernen Sprache gesprochen?<\/p>\n<p style=\"text-align: justify;\">1967 produzierte die BBC die 26-teilige \u201eThe Forsyte Saga\u201c, die im Viktorianischen Zeitalter ab 1886 spielt. Basierend auf John Galsworthys erfolgreicher Romanserie beschrieb die Serie das Leben der oberen Mittelklassefamilie Forsyte.<\/p>\n<p style=\"text-align: justify;\">Der wohl weltweit bekannteste Vertreter ist \u201eUpstairs, Downstairs\u201c. Produziert von 1971 bis 1975 f\u00fcr die BBC behandelt das Drama das Leben der Londoner Familie Bellamy welche \u201eupstairs\u201c, also oben, im Haus am Eaton Place wohnte, und der Hausangestellten, die \u201edownstairs\u201c, unten, arbeiteten. Die Hausbewohner wurden f\u00fcnf Staffeln lang \u00fcber einen erz\u00e4hlten Zeitraum von 30 Jahren begleitet. Es war von \u00e4u\u00dferster Wichtigkeit, dass die sozialen und technischen Ver\u00e4nderungen in den Handlungsverlauf miteinbezogen wurden. Der Untergang der Titanic, der erste Weltkrieg und die Goldenen Zwanziger wurden alle thematisiert. Dieser gro\u00dfe Anspruch an Authentizit\u00e4t wurde auf die Kulissen und Kost\u00fcme \u00fcbertragen, die f\u00fcr das zeitgem\u00e4\u00dfe Erscheinungsbild sorgten.<\/p>\n<p style=\"text-align: justify;\">2006 versuchte sich Sat.1 an dem Period Drama \u201eUnter den Linden \u2013 Das Haus Gravenhorst\u201c, nachdem sich die ARD nur ein Jahr zuvor an \u201eSophie \u2013 Braut wider Willen\u201c die Finger verbrannt hatte.<\/p>\n<p style=\"text-align: justify;\">In Spanien ist das Thema Kost\u00fcmdrama \u00e4u\u00dferst beliebt. Dies zeigt sich nicht nur in den <a href=\"http:\/\/soaplexikon.de\/cms\/lexikon\/prime-time-soap\/\">Prime-Time<\/a> Serien \u201e<a href=\"http:\/\/soaplexikon.de\/cms\/soaps-a-z\/gran-hotel\/\">Gran Hotel<\/a>\u201c und \u201e<a href=\"http:\/\/soaplexikon.de\/cms\/soaps-a-z\/velvet\/\">Velvet<\/a>\u201c, sondern auch in <a href=\"http:\/\/soaplexikon.de\/cms\/lexikon\/telenovela\/\">Telenovelas<\/a> wie \u201eAmar es para siempre\u201c und \u201eEl secreto de Puente Viejo\u201c.<\/p>\n","protected":false},"excerpt":{"rendered":"<p>In Gro\u00dfbritannien wurden in den 1960ern vermehrt Period Dramas ausgestrahlt, die in ihrer narrativen Struktur der Seifenoper glichen und dementsprechend oft auch als solche bezeichnet werden. W\u00e4hrend das Kost\u00fcmdrama mit hohen Kosten f\u00fcr Ausstattung, Maske und Kost\u00fcm verbunden ist, hat es den Vorteil, dass es gro\u00dfe Zeitspr\u00fcnge optisch darstellen kann durch Neuerungen. Serien, die in [&hellip;]<\/p>\n","protected":false},"author":2,"featured_media":0,"parent":16713,"menu_order":0,"comment_status":"closed","ping_status":"closed","template":"","meta":{"footnotes":""},"class_list":["post-43320","page","type-page","status-publish","hentry"],"_links":{"self":[{"href":"https:\/\/soaplexikon.de\/cms\/wp-json\/wp\/v2\/pages\/43320","targetHints":{"allow":["GET"]}}],"collection":[{"href":"https:\/\/soaplexikon.de\/cms\/wp-json\/wp\/v2\/pages"}],"about":[{"href":"https:\/\/soaplexikon.de\/cms\/wp-json\/wp\/v2\/types\/page"}],"author":[{"embeddable":true,"href":"https:\/\/soaplexikon.de\/cms\/wp-json\/wp\/v2\/users\/2"}],"replies":[{"embeddable":true,"href":"https:\/\/soaplexikon.de\/cms\/wp-json\/wp\/v2\/comments?post=43320"}],"version-history":[{"count":3,"href":"https:\/\/soaplexikon.de\/cms\/wp-json\/wp\/v2\/pages\/43320\/revisions"}],"predecessor-version":[{"id":44122,"href":"https:\/\/soaplexikon.de\/cms\/wp-json\/wp\/v2\/pages\/43320\/revisions\/44122"}],"up":[{"embeddable":true,"href":"https:\/\/soaplexikon.de\/cms\/wp-json\/wp\/v2\/pages\/16713"}],"wp:attachment":[{"href":"https:\/\/soaplexikon.de\/cms\/wp-json\/wp\/v2\/media?parent=43320"}],"curies":[{"name":"wp","href":"https:\/\/api.w.org\/{rel}","templated":true}]}}