{"id":40170,"date":"2015-01-25T00:00:54","date_gmt":"2015-01-24T23:00:54","guid":{"rendered":"http:\/\/soaplexikon.de\/cms\/?page_id=40170"},"modified":"2019-07-14T21:26:36","modified_gmt":"2019-07-14T19:26:36","slug":"parodie","status":"publish","type":"page","link":"https:\/\/soaplexikon.de\/cms\/lexikon\/parodie\/","title":{"rendered":"Parodie"},"content":{"rendered":"<p style=\"text-align: justify;\">Seit es Seifenopern gibt, gibt es Parodien, die sich mit dem Ph\u00e4nomen besch\u00e4ftigen und es durch den Kakao ziehen. Zum Teil werfen diese Serien und Filme einen selbstironischen Blick hinter die Kulissen und zeigen auf, dass dort die gr\u00f6\u00dferen Dramen und Cliffhanger stattfinden (z.B. &#8222;Tootsie&#8220; und &#8222;Soapdish&#8220;). Zum Teil werden aber auch typische Soapgeschichten, -dialoge und -handlungen behandelt, wie z.B. in &#8222;Soap&#8220;.<\/p>\n<p>Doch warum die \u00dcberh\u00f6hung? Weil der reale Alltag bei weitem nicht so spektakul\u00e4r und aufregend ist, wie viele Erwarten! Auch in B\u00fcchern und E-Books wird diese Berufswelt immer wieder aufgegriffen.<\/p>\n<h2 style=\"text-align: justify;\">Beispiele f\u00fcr Soap-Parodien:<\/h2>\n<p style=\"text-align: justify;\">&#8211; &#8222;Soap&#8220; (Serie, 1977 bis 1981)<br \/>\n&#8211; &#8222;<a href=\"http:\/\/soaplexikon.de\/cms\/soaps-a-z\/grosse-pointe\/\">Grosse Pointe<\/a>&#8220; (Serie, 2000\/2001)<br \/>\n&#8211; &#8222;<a href=\"http:\/\/soaplexikon.de\/cms\/moving-wallpaper-2008-2009\/\">Moving Wallpaper<\/a>&#8220; (Serie, 2008\/2009)<br \/>\n&#8211; &#8222;<a href=\"http:\/\/soaplexikon.de\/cms\/telenovela-2015-2016\/\">Telenovela<\/a>&#8220; (Serie, 2015\/2016)<br \/>\n&#8211; &#8222;<a href=\"http:\/\/soaplexikon.de\/cms\/dropping-the-soap-2017\/\">Dropping the Soap<\/a>&#8220; (Serie, 2017)<br \/>\n&#8211; &#8222;<a href=\"http:\/\/soaplexikon.de\/cms\/soaps-a-z\/bh90210\/\">BH90210<\/a>&#8220; (Serie, ab 2019)<\/p>\n<p style=\"text-align: justify;\">&#8211; &#8222;<a href=\"http:\/\/soaplexikon.de\/cms\/tootsie-1982\/\">Tootsie<\/a><img loading=\"lazy\" decoding=\"async\" style=\"border: none !important; margin: 0px !important;\" src=\"http:\/\/ir-de.amazon-adsystem.com\/e\/ir?t=soaplexikonde-21&amp;l=as2&amp;o=3&amp;a=B00005T62M\" alt=\"\" width=\"1\" height=\"1\" border=\"0\" \/>&#8220; (Film, 1982)<br \/>\n&#8211; &#8222;<a href=\"http:\/\/soaplexikon.de\/cms\/soapdish-1991\/\">Soapdish<\/a><img loading=\"lazy\" decoding=\"async\" style=\"border: none !important; margin: 0px !important;\" src=\"http:\/\/ir-de.amazon-adsystem.com\/e\/ir?t=soaplexikonde-21&amp;l=as2&amp;o=3&amp;a=B00006GEED\" alt=\"\" width=\"1\" height=\"1\" border=\"0\" \/>&#8220; (Film, 1991)<br \/>\n&#8211; &#8222;<a href=\"http:\/\/soaplexikon.de\/cms\/the-unauthorized-beverly-hills-90210-story-2015\/\">The Unauthorized Beverly Hills, 90210 Story<\/a>&#8220; (TV-Movie, 2015)<br \/>\n&#8211; &#8222;<a href=\"http:\/\/soaplexikon.de\/cms\/the-unauthorized-melrose-place-story-2015\/\">The Unauthorized Melrose Place Story<\/a>&#8220; (TV-Movie, 2015)<\/p>\n<p style=\"text-align: justify;\">&#8211; &#8222;<a href=\"https:\/\/amzn.to\/2W3HOqb\">Das Seifenopern-Quartett<\/a>&#8220; (Roman von T. Benacquista)<br \/>\n&#8211; &#8222;<a href=\"https:\/\/amzn.to\/2Jq6xRo\">Im Innern der Seifenblase<\/a>&#8220; (Roman von M. Carriere)<br \/>\n&#8211; &#8222;<a href=\"http:\/\/amzn.to\/2g1F7oq\">Soap<\/a>&#8220; (Roman von M. Meisheit)<br \/>\n&#8211; &#8222;<a href=\"https:\/\/amzn.to\/2JbxRnB\">Hinter der Abendr\u00f6te<\/a>&#8220; (E-Book-Serie von M. Schulz)<br \/>\n&#8211; &#8222;<a href=\"http:\/\/amzn.to\/2eWKwJe\">Daily Soap: Ein Fall f\u00fcr den Fris\u00f6r<\/a>&#8220; (Roman von C. Sch\u00fcnemann)<br \/>\n&#8211; &#8222;<a href=\"http:\/\/amzn.to\/2eWGvES\">Glasauge<\/a>&#8220; (Roman von J. Sinisalo)<\/p>\n<p style=\"text-align: justify;\">&#8211; &#8222;<a href=\"http:\/\/soaplexikon.de\/cms\/soaps-a-z\/downton-abbey\/downton-sixbey\/\">Downton Sixbey<\/a>&#8220; (Webspecial)<br \/>\n&#8211; &#8222;Escandalo&#8220; (Webspecial, inzwischen offline)<br \/>\n&#8211; &#8222;<a href=\"http:\/\/soaplexikon.de\/cms\/soaps-a-z\/empire\/jimpire\/\">Jimpire<\/a>&#8220; (Webspecial)<br \/>\n&#8211; &#8222;<a href=\"http:\/\/soaplexikon.de\/cms\/soaps-a-z\/scandal\/scandal-high\/\">Scandal High<\/a>&#8220; (Webspecial)<\/p>\n","protected":false},"excerpt":{"rendered":"<p>Seit es Seifenopern gibt, gibt es Parodien, die sich mit dem Ph\u00e4nomen besch\u00e4ftigen und es durch den Kakao ziehen. Zum Teil werfen diese Serien und Filme einen selbstironischen Blick hinter die Kulissen und zeigen auf, dass dort die gr\u00f6\u00dferen Dramen und Cliffhanger stattfinden (z.B. &#8222;Tootsie&#8220; und &#8222;Soapdish&#8220;). Zum Teil werden aber auch typische Soapgeschichten, -dialoge [&hellip;]<\/p>\n","protected":false},"author":2,"featured_media":0,"parent":16713,"menu_order":0,"comment_status":"open","ping_status":"open","template":"","meta":{"footnotes":""},"class_list":["post-40170","page","type-page","status-publish","hentry"],"_links":{"self":[{"href":"https:\/\/soaplexikon.de\/cms\/wp-json\/wp\/v2\/pages\/40170","targetHints":{"allow":["GET"]}}],"collection":[{"href":"https:\/\/soaplexikon.de\/cms\/wp-json\/wp\/v2\/pages"}],"about":[{"href":"https:\/\/soaplexikon.de\/cms\/wp-json\/wp\/v2\/types\/page"}],"author":[{"embeddable":true,"href":"https:\/\/soaplexikon.de\/cms\/wp-json\/wp\/v2\/users\/2"}],"replies":[{"embeddable":true,"href":"https:\/\/soaplexikon.de\/cms\/wp-json\/wp\/v2\/comments?post=40170"}],"version-history":[{"count":31,"href":"https:\/\/soaplexikon.de\/cms\/wp-json\/wp\/v2\/pages\/40170\/revisions"}],"predecessor-version":[{"id":44761,"href":"https:\/\/soaplexikon.de\/cms\/wp-json\/wp\/v2\/pages\/40170\/revisions\/44761"}],"up":[{"embeddable":true,"href":"https:\/\/soaplexikon.de\/cms\/wp-json\/wp\/v2\/pages\/16713"}],"wp:attachment":[{"href":"https:\/\/soaplexikon.de\/cms\/wp-json\/wp\/v2\/media?parent=40170"}],"curies":[{"name":"wp","href":"https:\/\/api.w.org\/{rel}","templated":true}]}}