{"id":39298,"date":"2015-02-08T00:00:17","date_gmt":"2015-02-07T23:00:17","guid":{"rendered":"http:\/\/soaplexikon.de\/cms\/?page_id=39298"},"modified":"2016-11-10T20:12:33","modified_gmt":"2016-11-10T19:12:33","slug":"cross-over","status":"publish","type":"page","link":"https:\/\/soaplexikon.de\/cms\/lexikon\/cross-over\/","title":{"rendered":"Cross-Over"},"content":{"rendered":"<p style=\"text-align: justify;\">Cross-Over sind bei Fans sehr beliebt, vielleicht auch, weil sie eher selten vorkommen. Die Seltenheit liegt meist darin, da jede Serie ihre eigene Welt hat. Durch einen hohen Aufwand k\u00f6nnen Cross-Over gew\u00e4hrleistet werden. Wichtig ist dabei, dass nicht nur der Schauspieler wei\u00df, welche Rolle er spielt. Kost\u00fcm, Maske und Dialog m\u00fcssen ebenfalls stimmen.<\/p>\n<p style=\"text-align: justify;\">Beispiel:<br \/>\nRolle XY aus Serie A soll f\u00fcr eine Folge in Serie B einen Gastauftritt haben. Die Produktion von Serie B wendet sich also an die Produktion von Serie A. Die Dialoge m\u00fcssen dorthin geschickt werden, damit sie auf die Sprache der Rolle angepasst werden. Dann muss geschaut werden, wie der Schauspieler f\u00fcr die eigene Serie dreht und wo der Gastauftritt realisierbar w\u00e4re. Die Kost\u00fcmabteilung sucht Kost\u00fcme raus und schickt sie mit dem Schauspieler zur Serie B, und wenn kein eigener Maskenbildner der Serie A mitreist, werden Beispielbilder von Frisuren und Make-Up mitgeschickt, damit am Ende alles einheitlich bleibt.<\/p>\n<p style=\"text-align: justify;\">Es gibt aber auch Situationen, wenn eine Rolle in eine Serie nicht mehr reinpasst, aber dennoch gen\u00fcgend Erz\u00e4hlpotenzial gesehen wird. Von 1999 bis 2004 war die Schauspielerin Linda Dano in allen ABC-Soaps in der gleichen Rolle zu sehen, deren Geschichte \u00fcber die vier Soaps erz\u00e4hlt wurde. Bei \u201e<a href=\"http:\/\/soaplexikon.de\/cms\/soaps-a-z\/alles-was-zaehlt\/\">Alles was z\u00e4hlt<\/a>\u201c stieg Anfang 2015 \u201ePia Koch\u201c ein, die davor bei \u201e<a href=\"http:\/\/soaplexikon.de\/cms\/soaps-a-z\/gute-zeiten-schlechte-zeiten\/\">Gute Zeiten, schlechte Zeiten<\/a>\u201c zu sehen war. Anf\u00e4nglich trat sie in beiden Serien auf und blieb dann bis Anfang 2016 nur noch bei AWZ.<\/p>\n<h2 style=\"text-align: justify;\">Situation bei Spin-offs<\/h2>\n<p style=\"text-align: justify;\">Wenn eine Serie einen Ableger bekommt, wird versucht die Zuschauer zu der neuen Serie zu locken. Am besten funktioniert das mit einer Figur, die dauerhaft umgesiedelt wird. Als \u201eGute Zeiten, schlechte Zeiten\u201c im Jahr 2000 mit \u201e<a href=\"http:\/\/soaplexikon.de\/cms\/soaps-a-z\/grossstadttraeume\/\">Gro\u00dfstadttr\u00e4ume<\/a>\u201c einen Prime-Time Ableger bekam, wurde die Figur \u201ePhilip Kr\u00fcger\u201c in ein neues Setting gebracht. Cross-Over gab es keine. Die Krankenhaus-Serie \u201e<a href=\"http:\/\/soaplexikon.de\/cms\/soaps-a-z\/in-aller-freundschaft\/\">In aller Freundschaft<\/a>\u201c hat \u201eDr. Niklas Ahrend\u201c in die Tochterserie \u201e<a href=\"http:\/\/soaplexikon.de\/cms\/soaps-a-z\/in-aller-freundschaft-die-jungen-aerzte\/\">In aller Freundschaft \u2013 Die jungen \u00c4rzte<\/a>\u201c gegeben, l\u00e4sst aber in beiden Serien Gastauftritte absolvieren, damit die Verbundenheit weiterhin gew\u00e4hrleistet wird.<\/p>\n<p style=\"text-align: justify;\">In den Siebzigern, als \u201eAnother World\u201c zu den beliebtesten Soaps geh\u00f6rte, wurden gleich zwei Spin-offs kreiert, die beliebte Rollen aus \u201eAnother World\u201c zu den Hauptfiguren der neuen Serien machte: \u201eSomerset\u201c lief sechs Jahre und \u201eTexas\u201c zwei. Dies wurde durch den gleichen Sender und die gleiche Produktionsfirma erm\u00f6glicht.<\/p>\n","protected":false},"excerpt":{"rendered":"<p>Cross-Over sind bei Fans sehr beliebt, vielleicht auch, weil sie eher selten vorkommen. Die Seltenheit liegt meist darin, da jede Serie ihre eigene Welt hat. Durch einen hohen Aufwand k\u00f6nnen Cross-Over gew\u00e4hrleistet werden. Wichtig ist dabei, dass nicht nur der Schauspieler wei\u00df, welche Rolle er spielt. Kost\u00fcm, Maske und Dialog m\u00fcssen ebenfalls stimmen. Beispiel: Rolle [&hellip;]<\/p>\n","protected":false},"author":2,"featured_media":0,"parent":16713,"menu_order":0,"comment_status":"open","ping_status":"open","template":"","meta":{"footnotes":""},"class_list":["post-39298","page","type-page","status-publish","hentry"],"_links":{"self":[{"href":"https:\/\/soaplexikon.de\/cms\/wp-json\/wp\/v2\/pages\/39298","targetHints":{"allow":["GET"]}}],"collection":[{"href":"https:\/\/soaplexikon.de\/cms\/wp-json\/wp\/v2\/pages"}],"about":[{"href":"https:\/\/soaplexikon.de\/cms\/wp-json\/wp\/v2\/types\/page"}],"author":[{"embeddable":true,"href":"https:\/\/soaplexikon.de\/cms\/wp-json\/wp\/v2\/users\/2"}],"replies":[{"embeddable":true,"href":"https:\/\/soaplexikon.de\/cms\/wp-json\/wp\/v2\/comments?post=39298"}],"version-history":[{"count":7,"href":"https:\/\/soaplexikon.de\/cms\/wp-json\/wp\/v2\/pages\/39298\/revisions"}],"predecessor-version":[{"id":44138,"href":"https:\/\/soaplexikon.de\/cms\/wp-json\/wp\/v2\/pages\/39298\/revisions\/44138"}],"up":[{"embeddable":true,"href":"https:\/\/soaplexikon.de\/cms\/wp-json\/wp\/v2\/pages\/16713"}],"wp:attachment":[{"href":"https:\/\/soaplexikon.de\/cms\/wp-json\/wp\/v2\/media?parent=39298"}],"curies":[{"name":"wp","href":"https:\/\/api.w.org\/{rel}","templated":true}]}}