{"id":39294,"date":"2015-01-04T00:00:12","date_gmt":"2015-01-03T23:00:12","guid":{"rendered":"http:\/\/soaplexikon.de\/cms\/?page_id=39294"},"modified":"2016-11-09T23:23:54","modified_gmt":"2016-11-09T22:23:54","slug":"aussendreh","status":"publish","type":"page","link":"https:\/\/soaplexikon.de\/cms\/lexikon\/aussendreh\/","title":{"rendered":"Au\u00dfendreh"},"content":{"rendered":"<p style=\"text-align: justify;\">Au\u00dfenaufnahmen galten bei deutschen <a href=\"http:\/\/soaplexikon.de\/cms\/lexikon\/daily-soap\/\">Dailys<\/a> fr\u00fcher als Ausnahme, da man von Licht- und Witterungsverh\u00e4ltnissen abh\u00e4ngig war und Wetterver\u00e4nderungen den Drehplan negativ beeinflussen konnten. Auch wenn letzteres heute nat\u00fcrlich immer noch der Fall ist, wurde in den letzten Jahren verst\u00e4rkt Wert auf Au\u00dfenaufnahmen gelegt, um den Effekt des \u201eRealen\u201c zu verst\u00e4rken. \u201e<a href=\"http:\/\/soaplexikon.de\/cms\/soaps-a-z\/lindenstrasse\/\">Lindenstra\u00dfe<\/a>\u201c, \u201eMarienhof\u201c und \u201eDie Anrheiner\u201c waren die ersten Soaps mit eigenen Stra\u00dfenz\u00fcgen. Auch bei \u201e<a href=\"http:\/\/soaplexikon.de\/cms\/soaps-a-z\/gute-zeiten-schlechte-zeiten\/\">Gute Zeiten, schlechte Zeiten<\/a>\u201c, \u201e<a href=\"http:\/\/soaplexikon.de\/cms\/soaps-a-z\/unter-uns\/\">Unter Uns<\/a>\u201c, \u201e<a href=\"http:\/\/soaplexikon.de\/cms\/soaps-a-z\/alles-was-zaehlt\/\">Alles was z\u00e4hlt<\/a>\u201c und \u201e<a href=\"http:\/\/soaplexikon.de\/cms\/soaps-a-z\/dahoam-is-dahoam\/\">Dahoam is Dahoam<\/a>\u201c sind bespielbare Au\u00dfenkulissen fester Bestandteil der Produktion. Der Vorteil einer eigenen Au\u00dfenkulisse ist, dass sie jederzeit verf\u00fcgbar ist und man ohne Extrakosten dort drehen kann.<\/p>\n<p style=\"text-align: justify;\">Studio- und Au\u00dfendreh-Anteil sind in jeder Serie reglementiert, da sie im normalen Drehpensum realisierbar sein m\u00fcssen. Bei \u201e<a href=\"http:\/\/soaplexikon.de\/cms\/soaps-a-z\/sturm-der-liebe\/\">Sturm der Liebe<\/a>\u201c und \u201e<a href=\"http:\/\/soaplexikon.de\/cms\/soaps-a-z\/rote-rosen\/\">Rote Rosen<\/a>\u201c wird an f\u00fcnf Tagen die Woche parallel in zwei Teams au\u00dfen und innen gedreht. Bei den UFA-Soaps finden die Au\u00dfendreharbeiten in der Regel in der Woche vor den Innendrehs statt.<\/p>\n<p style=\"text-align: justify;\">Neben festen Au\u00dfendrehorten finden auch an sogenannten AD Ext. Motiven (externen Au\u00dfendrehmotiven) Dreharbeiten statt. Damit sich ein Drehtag mit der hohen Locationmiete rentiert, wird eine Mindestanzahl an Bildern vorausgesetzt. F\u00fcr ein einziges Bild wird keine Serie ein Motiv anmieten.<\/p>\n<p style=\"text-align: center;\"><img loading=\"lazy\" decoding=\"async\" class=\"alignnone\" title=\"Rote Rosen Dreharbeiten\" src=\"http:\/\/soaplexikon.de\/cms\/wp-content\/uploads\/rr-aussendreh.jpg\" alt=\"\" width=\"550\" height=\"280\" \/><\/p>\n<p style=\"text-align: center;\">\u00a9 ARD<\/p>\n<h2 style=\"text-align: justify;\">Situation im Ausland<\/h2>\n<p style=\"text-align: justify;\">Von Anfang an hatten britische Soaps frei bespielbare Au\u00dfenkulissen.<\/p>\n<p style=\"text-align: justify;\">Amerikanische <a href=\"http:\/\/soaplexikon.de\/cms\/lexikon\/daytime-soap\/\">Daytime Soaps<\/a> haben nur in Ausnahmef\u00e4llen Au\u00dfendrehs. Sie sind als reine Studioproduktionen konzipiert.<\/p>\n<p style=\"text-align: justify;\"><a href=\"http:\/\/soaplexikon.de\/cms\/lexikon\/prime-time-soap\/\">Prime-Time Soaps<\/a>, die ein h\u00f6heres Budget aufweisen als die Daytime Soaps, haben regelm\u00e4\u00dfig sogenannte \u201eOn Location Shots\u201c. Doch oftmals werden diese durch Green Screen bzw. Blue Box Shots ersetzt, da <a href=\"http:\/\/soaplexikon.de\/cms\/lexikon\/vfx\/\">VFX<\/a>-Shots in manchen F\u00e4llen g\u00fcnstiger sind als teure Au\u00dfendrehs.<\/p>\n<p style=\"text-align: justify;\">Brasilianische <a href=\"http:\/\/soaplexikon.de\/cms\/lexikon\/telenovela\/\">Telenovelas<\/a> werden in der eigens von Globo gebauten Filmstadt Projac gedreht. Dort werden regelm\u00e4\u00dfig Stra\u00dfenz\u00fcge auf- und abgebaut, die als Au\u00dfenkulissen dienen.<\/p>\n<p style=\"text-align: justify;\">Mexikanische Telenovelas werden prim\u00e4r im Studio gedreht.<\/p>\n","protected":false},"excerpt":{"rendered":"<p>Au\u00dfenaufnahmen galten bei deutschen Dailys fr\u00fcher als Ausnahme, da man von Licht- und Witterungsverh\u00e4ltnissen abh\u00e4ngig war und Wetterver\u00e4nderungen den Drehplan negativ beeinflussen konnten. Auch wenn letzteres heute nat\u00fcrlich immer noch der Fall ist, wurde in den letzten Jahren verst\u00e4rkt Wert auf Au\u00dfenaufnahmen gelegt, um den Effekt des \u201eRealen\u201c zu verst\u00e4rken. \u201eLindenstra\u00dfe\u201c, \u201eMarienhof\u201c und \u201eDie Anrheiner\u201c [&hellip;]<\/p>\n","protected":false},"author":2,"featured_media":0,"parent":16713,"menu_order":0,"comment_status":"open","ping_status":"open","template":"","meta":{"footnotes":""},"class_list":["post-39294","page","type-page","status-publish","hentry"],"_links":{"self":[{"href":"https:\/\/soaplexikon.de\/cms\/wp-json\/wp\/v2\/pages\/39294","targetHints":{"allow":["GET"]}}],"collection":[{"href":"https:\/\/soaplexikon.de\/cms\/wp-json\/wp\/v2\/pages"}],"about":[{"href":"https:\/\/soaplexikon.de\/cms\/wp-json\/wp\/v2\/types\/page"}],"author":[{"embeddable":true,"href":"https:\/\/soaplexikon.de\/cms\/wp-json\/wp\/v2\/users\/2"}],"replies":[{"embeddable":true,"href":"https:\/\/soaplexikon.de\/cms\/wp-json\/wp\/v2\/comments?post=39294"}],"version-history":[{"count":8,"href":"https:\/\/soaplexikon.de\/cms\/wp-json\/wp\/v2\/pages\/39294\/revisions"}],"predecessor-version":[{"id":44128,"href":"https:\/\/soaplexikon.de\/cms\/wp-json\/wp\/v2\/pages\/39294\/revisions\/44128"}],"up":[{"embeddable":true,"href":"https:\/\/soaplexikon.de\/cms\/wp-json\/wp\/v2\/pages\/16713"}],"wp:attachment":[{"href":"https:\/\/soaplexikon.de\/cms\/wp-json\/wp\/v2\/media?parent=39294"}],"curies":[{"name":"wp","href":"https:\/\/api.w.org\/{rel}","templated":true}]}}