{"id":39292,"date":"2015-01-11T00:00:33","date_gmt":"2015-01-10T23:00:33","guid":{"rendered":"http:\/\/soaplexikon.de\/cms\/?page_id=39292"},"modified":"2016-11-10T20:59:15","modified_gmt":"2016-11-10T19:59:15","slug":"vorspann","status":"publish","type":"page","link":"https:\/\/soaplexikon.de\/cms\/lexikon\/vorspann\/","title":{"rendered":"Vorspann"},"content":{"rendered":"<p style=\"text-align: justify;\">Der Vorspann ist die Visitenkarte eines Programms, weshalb er einen hohen Wiedererkennungswert haben sollte. In Deutschland kennt jeder die sechs T\u00f6ne, welche die Tagesschau einl\u00e4uten. Bei\u00a0<a href=\"http:\/\/soaplexikon.de\/cms\/lexikon\/seifenoper\/\">Seifenopern<\/a> und <a href=\"http:\/\/soaplexikon.de\/cms\/lexikon\/telenovela\/\">Telenovelas<\/a> verh\u00e4lt es sich nicht anders. Der Zuschauer soll sofort erkennen, wann sein Lieblingsprogramm l\u00e4uft. Die L\u00e4nge des Vorspanns unterscheidet sich von Land zu Land. In S\u00fcdamerika dauern sie durchschnittlich eine Minute und 20 Sekunden. In den USA und Europa sind sie weitaus k\u00fcrzer und dauern zwischen 20 und 50 Sekunden.<\/p>\n<p style=\"text-align: center;\"><iframe loading=\"lazy\" src=\"\/\/www.youtube.com\/embed\/qnJ5dWuKYfs\" width=\"560\" height=\"315\" frameborder=\"0\" allowfullscreen=\"allowfullscreen\"><\/iframe><\/p>\n<p style=\"text-align: justify;\">Deutsche Seifenopern haben bis auf die Ausnahme Marienhof seit der ersten Folge den gleichen Titelsong, der zwar modernisiert wird, aber in seiner Melodie gleich bleibt. Der Marienhof-Titelsong \u00e4nderte sich 1995 mit der Umstellung zur <a href=\"http:\/\/soaplexikon.de\/cms\/lexikon\/daily-soap\/\">Daily Soap<\/a>. Deutsche Soaps und Telenovelas zeigen meist extra f\u00fcr den Vorspann gedrehte Szenen mit den Hauptdarstellern, weshalb diese oft aktualisiert werden.<\/p>\n<p style=\"text-align: justify;\">In England kommt hinzu, dass bis auf <a href=\"http:\/\/soaplexikon.de\/cms\/soaps-a-z\/hollyoaks\/\">Hollyoaks<\/a> und Doctors keine Hauptdarsteller im Vorspann gezeigt werden. Dies ist kosteng\u00fcnstiger, da der Vorspann so nicht regelm\u00e4\u00dfig bei Ein- oder Ausstiegen von Darstellern aktualisiert werden muss.<\/p>\n<p style=\"text-align: center;\"><iframe loading=\"lazy\" src=\"\/\/www.youtube.com\/embed\/Ows-wRWgDMc?rel=0\" width=\"560\" height=\"315\" frameborder=\"0\" allowfullscreen=\"allowfullscreen\"><\/iframe><\/p>\n<p style=\"text-align: justify;\">Amerikanische <a href=\"http:\/\/soaplexikon.de\/cms\/lexikon\/daytime-soap\/\">Daytime Soaps<\/a> \u00e4ndern nicht nur das Konzept des Vorspanns gern h\u00e4ufig; auch die Titelmelodie wird ausgetauscht, um neue Zuschauer anzulocken.<\/p>\n<p style=\"text-align: justify;\">Brasilianische Telenovelas haben meist einen allgemein gehaltenen Vorspann, der die Namen der Darsteller und des Autors einblendet, diese aber nicht zeigt.<\/p>\n<p style=\"text-align: justify;\">Mexikanische Telenovelas blenden nicht nur die Namen der Darsteller ein, sie zeigen auch diese in speziell gedrehten Szenen in Kulissen der Telenovela. Viele bekannte lateinamerikanische S\u00e4nger werden ausgew\u00e4hlt, den Titelsong einer Telenovela zu singen. Dabei handelt es sich oft um eine Single, die dementsprechend im Radio gespielt wird und die Verbindung zur Telenovela untermauert.<\/p>\n<p style=\"text-align: center;\"><iframe loading=\"lazy\" src=\"\/\/www.youtube.com\/embed\/fGUmYCpyo74?rel=0\" width=\"560\" height=\"315\" frameborder=\"0\" allowfullscreen=\"allowfullscreen\"><\/iframe><\/p>\n","protected":false},"excerpt":{"rendered":"<p>Der Vorspann ist die Visitenkarte eines Programms, weshalb er einen hohen Wiedererkennungswert haben sollte. In Deutschland kennt jeder die sechs T\u00f6ne, welche die Tagesschau einl\u00e4uten. Bei\u00a0Seifenopern und Telenovelas verh\u00e4lt es sich nicht anders. Der Zuschauer soll sofort erkennen, wann sein Lieblingsprogramm l\u00e4uft. Die L\u00e4nge des Vorspanns unterscheidet sich von Land zu Land. In S\u00fcdamerika dauern [&hellip;]<\/p>\n","protected":false},"author":3,"featured_media":0,"parent":16713,"menu_order":0,"comment_status":"open","ping_status":"closed","template":"","meta":{"footnotes":""},"class_list":["post-39292","page","type-page","status-publish","hentry"],"_links":{"self":[{"href":"https:\/\/soaplexikon.de\/cms\/wp-json\/wp\/v2\/pages\/39292","targetHints":{"allow":["GET"]}}],"collection":[{"href":"https:\/\/soaplexikon.de\/cms\/wp-json\/wp\/v2\/pages"}],"about":[{"href":"https:\/\/soaplexikon.de\/cms\/wp-json\/wp\/v2\/types\/page"}],"author":[{"embeddable":true,"href":"https:\/\/soaplexikon.de\/cms\/wp-json\/wp\/v2\/users\/3"}],"replies":[{"embeddable":true,"href":"https:\/\/soaplexikon.de\/cms\/wp-json\/wp\/v2\/comments?post=39292"}],"version-history":[{"count":6,"href":"https:\/\/soaplexikon.de\/cms\/wp-json\/wp\/v2\/pages\/39292\/revisions"}],"predecessor-version":[{"id":44150,"href":"https:\/\/soaplexikon.de\/cms\/wp-json\/wp\/v2\/pages\/39292\/revisions\/44150"}],"up":[{"embeddable":true,"href":"https:\/\/soaplexikon.de\/cms\/wp-json\/wp\/v2\/pages\/16713"}],"wp:attachment":[{"href":"https:\/\/soaplexikon.de\/cms\/wp-json\/wp\/v2\/media?parent=39292"}],"curies":[{"name":"wp","href":"https:\/\/api.w.org\/{rel}","templated":true}]}}