{"id":39290,"date":"2015-02-15T00:00:56","date_gmt":"2015-02-14T23:00:56","guid":{"rendered":"http:\/\/soaplexikon.de\/cms\/?page_id=39290"},"modified":"2016-11-14T23:09:53","modified_gmt":"2016-11-14T22:09:53","slug":"product-placement","status":"publish","type":"page","link":"https:\/\/soaplexikon.de\/cms\/lexikon\/product-placement\/","title":{"rendered":"Product Placement"},"content":{"rendered":"<p style=\"text-align: justify;\">Das sogenannte \u201eProduct Placement\u201c spielt bei Seifenopern in den USA seit ihren Anf\u00e4ngen in den 1930er Jahren eine gro\u00dfe Rolle, haben sie doch ihren Ursprung als Werbevehikel f\u00fcr Waschmittel. Die Vorgehensweise, Produkte bewusst beim Namen zu nennen, war in den USA gang und g\u00e4be, wurden sie doch bereits durch den Ansager des Programms als Sponsor genannt.<\/p>\n<p style=\"text-align: justify;\">In den letzten Jahrzehnten, als keine Ansager mehr eingesetzt wurden, wurden Produkte bewusst beim Namen genannt. Dies geschah aber immer seltener, da die zu bewerbenden Produkte einfach in den Werbeunterbrechungen gezeigt wurden.<\/p>\n<p style=\"text-align: justify;\">In den letzten Jahren wurde die Idee des \u201eProduct Placements\u201c wiederbelebt. Soaps m\u00fcssen neue Wege finden, um f\u00fcr den Sender Geld zu verdienen, der regelm\u00e4\u00dfig ihr Budget k\u00fcrzt. Charaktere aller ABC- und NBC-Soaps haben schon das ein oder andere Produkt direkt innerhalb der Sendung beim Namen genannt und es dem Zuschauer angepriesen.<\/p>\n<h2 style=\"text-align: justify;\">Situation in Deutschland<\/h2>\n<p style=\"text-align: justify;\">Laut des Rundfunkstaatsvertrags darf \u201eProduct Placement\u201c nur angewendet werden, solange journalistische oder k\u00fcnstlerische Gr\u00fcnde vorliegen und die Einbindung eines Produktes zur Darstellung der realen Umwelt zwingend erforderlich ist. Allgemein gilt \u201eProduct Placement\u201c als verboten, weswegen bei den deutschen Soaps keines betrieben wird. In den Requisiten werden Fake-Produkte entwickelt, die es nur in der Serie oder der Serienwelt gibt. Produktnamen werden ge\u00e4ndert und verfremdet, damit keine R\u00fcckschl\u00fcsse auf das wahre Produkt gezogen werden k\u00f6nnen.<\/p>\n<p><img loading=\"lazy\" decoding=\"async\" class=\"wp-image-44140 size-full aligncenter\" src=\"http:\/\/soaplexikon.de\/cms\/wp-content\/uploads\/hdk3-3gr.jpg\" alt=\"hdk3-3gr\" width=\"385\" height=\"379\" srcset=\"https:\/\/soaplexikon.de\/cms\/wp-content\/uploads\/hdk3-3gr.jpg 385w, https:\/\/soaplexikon.de\/cms\/wp-content\/uploads\/hdk3-3gr-300x295.jpg 300w\" sizes=\"auto, (max-width: 385px) 100vw, 385px\" \/><\/p>\n<p style=\"text-align: justify;\">Im Juni 2005 machte der Marienhof negative Schlagzeilen, nachdem herauskam, dass die Soap zehn Jahre lang systematisch rechtswidrige Schleichwerbung betrieben hatte. In Handlungen und Dialogen wurden u.a. Billigreisen und Teppichb\u00f6den beworben. Diese \u201eProduct Placements\u201c kosteten etwa 175.000,- Euro.<\/p>\n","protected":false},"excerpt":{"rendered":"<p>Das sogenannte \u201eProduct Placement\u201c spielt bei Seifenopern in den USA seit ihren Anf\u00e4ngen in den 1930er Jahren eine gro\u00dfe Rolle, haben sie doch ihren Ursprung als Werbevehikel f\u00fcr Waschmittel. Die Vorgehensweise, Produkte bewusst beim Namen zu nennen, war in den USA gang und g\u00e4be, wurden sie doch bereits durch den Ansager des Programms als Sponsor [&hellip;]<\/p>\n","protected":false},"author":3,"featured_media":0,"parent":16713,"menu_order":0,"comment_status":"open","ping_status":"open","template":"","meta":{"footnotes":""},"class_list":["post-39290","page","type-page","status-publish","hentry"],"_links":{"self":[{"href":"https:\/\/soaplexikon.de\/cms\/wp-json\/wp\/v2\/pages\/39290","targetHints":{"allow":["GET"]}}],"collection":[{"href":"https:\/\/soaplexikon.de\/cms\/wp-json\/wp\/v2\/pages"}],"about":[{"href":"https:\/\/soaplexikon.de\/cms\/wp-json\/wp\/v2\/types\/page"}],"author":[{"embeddable":true,"href":"https:\/\/soaplexikon.de\/cms\/wp-json\/wp\/v2\/users\/3"}],"replies":[{"embeddable":true,"href":"https:\/\/soaplexikon.de\/cms\/wp-json\/wp\/v2\/comments?post=39290"}],"version-history":[{"count":8,"href":"https:\/\/soaplexikon.de\/cms\/wp-json\/wp\/v2\/pages\/39290\/revisions"}],"predecessor-version":[{"id":40886,"href":"https:\/\/soaplexikon.de\/cms\/wp-json\/wp\/v2\/pages\/39290\/revisions\/40886"}],"up":[{"embeddable":true,"href":"https:\/\/soaplexikon.de\/cms\/wp-json\/wp\/v2\/pages\/16713"}],"wp:attachment":[{"href":"https:\/\/soaplexikon.de\/cms\/wp-json\/wp\/v2\/media?parent=39290"}],"curies":[{"name":"wp","href":"https:\/\/api.w.org\/{rel}","templated":true}]}}