{"id":39288,"date":"2015-01-18T00:00:04","date_gmt":"2015-01-17T23:00:04","guid":{"rendered":"http:\/\/soaplexikon.de\/cms\/?page_id=39288"},"modified":"2016-11-09T22:48:06","modified_gmt":"2016-11-09T21:48:06","slug":"chefautor","status":"publish","type":"page","link":"https:\/\/soaplexikon.de\/cms\/lexikon\/chefautor\/","title":{"rendered":"Chefautor | Head Writer"},"content":{"rendered":"<p style=\"text-align: justify;\">Der Chefautor (auch Head Writer) dient als kreativer Kopf der Geschichten. Er entscheidet, was erz\u00e4hlerisch umgesetzt wird und beh\u00e4lt dabei den \u00dcberblick \u00fcber den gesamten Entwicklungsprozess, von der Future bis zur fertigen Folge. Das hei\u00dft nat\u00fcrlich auch, dass der Chefautor mehrere Wochen abrufbar haben muss. Wenn ein Chefautor eine Serie \u00fcbernimmt, muss er sich nicht nur in die laufenden Geschichten einarbeiten. Er muss auch mit der Tatsache leben, dass der Einfluss seines Vorg\u00e4ngers auf die Geschichten noch anhalten wird. Selbst \u00c4nderungen an den neuen B\u00fcchern greifen erst in wenigen Wochen beim Dreh und somit erst teilweise Monate sp\u00e4ter in der Ausstrahlung. Wenn ein Chefautorenwechsel bekannt wird, gehen Fans oftmals davon aus, dass \u00c4nderungen schnell zu sehen sind, was bei einer t\u00e4glichen Serie mit einem produktionellen Vorlauf von mindestens zwei Monaten nicht realistisch ist.<\/p>\n<p style=\"text-align: justify;\">Im Kontrast zu den wenig bekannten Chefautorenwechseln in Deutschland sind die Wechsel hinter den Kulissen der US <a href=\"http:\/\/soaplexikon.de\/cms\/lexikon\/daytime-soap\/\">Daytime Soaps<\/a> weitaus h\u00e4ufiger und publiker. Die Frage, die sich besonders in den USA aufwirft, ist, wie kreativ der Chefautor \u00fcberhaupt sein kann, wenn Chefautoren von einer Soap zur anderen gereicht werden.<\/p>\n<p style=\"text-align: justify;\">In den USA gibt es bei den <a href=\"http:\/\/soaplexikon.de\/cms\/lexikon\/prime-time-soap\/\">Prime-Time Soaps<\/a> den Showrunner, der meist auch der Chefautor ist. Dort laufen alle kreativen Belange, auch zum Look, zusammen. In Deutschland ist die Position mit dem Producer besetzt. Dieser bringt sich kreativ mit ein und ist, im Gegensatz zum Chefautor, am Set vor Ort.<\/p>\n<h2>Beispiele f\u00fcr Prime-Time-Soap Head writer<\/h2>\n<p>Marc Cherry<br \/>\n&#8211; Desperate Housewives<br \/>\n&#8211; <a href=\"http:\/\/soaplexikon.de\/cms\/soaps-a-z\/devious-maids\/\">Devious Maids<\/a><\/p>\n<p>David Jacobs<br \/>\n&#8211; Dallas (1978)<br \/>\n&#8211; Knots Landing (Unter der Sonne Kaliforniens)<\/p>\n<p>Shonda Rhimes<br \/>\n&#8211; Grey&#8217;s Anatomy<br \/>\n&#8211; Private Practice<br \/>\n&#8211; Scandal<\/p>\n<p>Esther &amp; Richard Shapiro<br \/>\n&#8211; Dynasty (Der Denver-Clan)<br \/>\n&#8211; Dynasty II \u2013 The Colbys (Das Imperium \u2013 Die Colbys)<\/p>\n<p>Darren Star<br \/>\n&#8211; <a href=\"http:\/\/soaplexikon.de\/cms\/soaps-a-z\/beverly-hills-90210\/\">Beverly Hills, 90210<\/a><br \/>\n&#8211; <a href=\"http:\/\/soaplexikon.de\/cms\/soaps-a-z\/melrose-place-1992\/\">Melrose Place (1992)<\/a><\/p>\n","protected":false},"excerpt":{"rendered":"<p>Der Chefautor (auch Head Writer) dient als kreativer Kopf der Geschichten. Er entscheidet, was erz\u00e4hlerisch umgesetzt wird und beh\u00e4lt dabei den \u00dcberblick \u00fcber den gesamten Entwicklungsprozess, von der Future bis zur fertigen Folge. Das hei\u00dft nat\u00fcrlich auch, dass der Chefautor mehrere Wochen abrufbar haben muss. Wenn ein Chefautor eine Serie \u00fcbernimmt, muss er sich nicht [&hellip;]<\/p>\n","protected":false},"author":2,"featured_media":0,"parent":16713,"menu_order":0,"comment_status":"open","ping_status":"closed","template":"","meta":{"footnotes":""},"class_list":["post-39288","page","type-page","status-publish","hentry"],"_links":{"self":[{"href":"https:\/\/soaplexikon.de\/cms\/wp-json\/wp\/v2\/pages\/39288","targetHints":{"allow":["GET"]}}],"collection":[{"href":"https:\/\/soaplexikon.de\/cms\/wp-json\/wp\/v2\/pages"}],"about":[{"href":"https:\/\/soaplexikon.de\/cms\/wp-json\/wp\/v2\/types\/page"}],"author":[{"embeddable":true,"href":"https:\/\/soaplexikon.de\/cms\/wp-json\/wp\/v2\/users\/2"}],"replies":[{"embeddable":true,"href":"https:\/\/soaplexikon.de\/cms\/wp-json\/wp\/v2\/comments?post=39288"}],"version-history":[{"count":11,"href":"https:\/\/soaplexikon.de\/cms\/wp-json\/wp\/v2\/pages\/39288\/revisions"}],"predecessor-version":[{"id":40071,"href":"https:\/\/soaplexikon.de\/cms\/wp-json\/wp\/v2\/pages\/39288\/revisions\/40071"}],"up":[{"embeddable":true,"href":"https:\/\/soaplexikon.de\/cms\/wp-json\/wp\/v2\/pages\/16713"}],"wp:attachment":[{"href":"https:\/\/soaplexikon.de\/cms\/wp-json\/wp\/v2\/media?parent=39288"}],"curies":[{"name":"wp","href":"https:\/\/api.w.org\/{rel}","templated":true}]}}