{"id":34445,"date":"2014-12-28T00:00:39","date_gmt":"2014-12-27T23:00:39","guid":{"rendered":"http:\/\/soaplexikon.de\/cms\/?page_id=34445"},"modified":"2016-11-09T22:58:36","modified_gmt":"2016-11-09T21:58:36","slug":"dispo","status":"publish","type":"page","link":"https:\/\/soaplexikon.de\/cms\/lexikon\/dispo\/","title":{"rendered":"Dispo | Drehplanung"},"content":{"rendered":"<p style=\"text-align: justify;\">Die Basis f\u00fcr einen Drehtag ist die sogenannte Dispo. Beim Disponenten laufen alle F\u00e4den zusammen. Er schaut, welche Szenen (auch Bilder genannt) am besten zusammen gedreht werden k\u00f6nnen. Dies h\u00e4ngt von der Verf\u00fcgbarkeit der Schauspieler und Drehorte ab, aber auch von Requisiten. Immer wieder kommt die Frage auf, weswegen nicht chronologisch gedreht wird. Bei Live-Produktionen ist eine chronologische Reihenfolge unumg\u00e4nglich, doch durch die M\u00f6glichkeiten der Aufzeichnung und des Schnitts ist man frei von diesem Korsett.<\/p>\n<p style=\"text-align: justify;\">Serien, egal ob <a href=\"http:\/\/soaplexikon.de\/cms\/lexikon\/daily-soap\/\">Daily<\/a> oder <a href=\"http:\/\/soaplexikon.de\/cms\/lexikon\/weekly-soap\/\">Weekly<\/a>, werden in Bl\u00f6cken gedreht. Das hei\u00dft, dass eine Regisseurin oder ein Regisseur mehrere Folgen inszeniert. Dadurch werden alle Bilder folgenunabh\u00e4ngig zusammen gedreht. Dies erm\u00f6glicht dem Disponenten, dass er Au\u00dfendreharbeiten nach Locations und im Studio die einzelnen Bilder ebenfalls zeitsparend stecken kann.<\/p>\n<p style=\"text-align: center;\"><img loading=\"lazy\" decoding=\"async\" class=\"alignnone\" title=\"Dispo\" src=\"http:\/\/soaplexikon.de\/cms\/wp-content\/uploads\/hdk4-2gr.jpg\" alt=\"\" width=\"550\" height=\"285\" \/><\/p>\n<p style=\"text-align: justify;\">Damit sp\u00e4ter bei den Anschl\u00fcssen keine Fehler passieren, was bei einem gef\u00fchlten Durcheinander von mehreren Folgen schnell passieren kann, werden Anschlussbilder gemacht, damit sp\u00e4ter die Schauspieler in den nachfolgenden Szenen dasselbe tragen. Es kann aber auch sein, dass ein Schauspieler nur f\u00fcr einen Tag zur Verf\u00fcgung steht. Auch in diesem Fall werden alle Szenen mit ihm gedreht und auf die verschiedenen Folgen aufgeteilt. Um das hohe Drehpensum einer t\u00e4glichen Serie in m\u00f6glichst k\u00fcrzester Zeit schaffen zu k\u00f6nnen, wird daher in zwei Teams (Studio- und <a href=\"http:\/\/soaplexikon.de\/cms\/lexikon\/aussendreh\/\">Au\u00dfendreh<\/a>) gedreht, was bei chronologischen Dreharbeiten nicht m\u00f6glich w\u00e4re.<\/p>\n<p style=\"text-align: center;\"><img loading=\"lazy\" decoding=\"async\" class=\"alignnone\" title=\"Dispo\" src=\"http:\/\/soaplexikon.de\/cms\/wp-content\/uploads\/vl_anschluss.jpg\" alt=\"\" width=\"467\" height=\"280\" \/><\/p>\n<p style=\"text-align: justify;\">Turbulent wird es, wenn das Wetter im Au\u00dfendreh umschwingt oder Schauspieler ausfallen. Zun\u00e4chst findet der Dreh statt, auch wenn die Schauspieler erk\u00e4ltet sind. Sollten sich die Symptome allerdings nicht mehr verbergen lassen oder die Schauspieler sind ernsthaft krank, muss der Drehplan ge\u00e4ndert werden und der erkrankte Schauspieler muss nach der R\u00fcckkehr alle verpassten Szenen nachholen, sofern sie nicht von den Autoren umgeschrieben werden konnten. 1999 gab es bei \u201e<a href=\"http:\/\/soaplexikon.de\/cms\/soaps-a-z\/gute-zeiten-schlechte-zeiten\/\">Gute Zeiten, schlechte Zeiten<\/a>\u201c einen Totalausfall im Hauptcast. Da nur noch eine Handvoll Schauspieler verf\u00fcgbar war, wurde aus der Not eine eigenst\u00e4ndige Geschichte geschrieben: Der Killervirus im Fasan. Erst nach und nach verbesserte sich die Lage am Set und die Geschichte konnte beendet werden.<\/p>\n<p style=\"text-align: justify;\">Am 1. Januar 1978 trat Gloria Monty ihren Dienst als Produzentin bei \u201eGeneral Hospital\u201c an. Bis dahin wurde in der Reihenfolge der Ausstrahlung, im \u201eLive On Tape\u201c-Verfahren aufgezeichnet. Bis dato wurden lediglich Filme und Prime-Time Soaps unchronologisch aufgezeichnet.<\/p>\n","protected":false},"excerpt":{"rendered":"<p>Die Basis f\u00fcr einen Drehtag ist die sogenannte Dispo. Beim Disponenten laufen alle F\u00e4den zusammen. Er schaut, welche Szenen (auch Bilder genannt) am besten zusammen gedreht werden k\u00f6nnen. Dies h\u00e4ngt von der Verf\u00fcgbarkeit der Schauspieler und Drehorte ab, aber auch von Requisiten. Immer wieder kommt die Frage auf, weswegen nicht chronologisch gedreht wird. Bei Live-Produktionen [&hellip;]<\/p>\n","protected":false},"author":2,"featured_media":0,"parent":16713,"menu_order":0,"comment_status":"open","ping_status":"closed","template":"","meta":{"footnotes":""},"class_list":["post-34445","page","type-page","status-publish","hentry"],"_links":{"self":[{"href":"https:\/\/soaplexikon.de\/cms\/wp-json\/wp\/v2\/pages\/34445","targetHints":{"allow":["GET"]}}],"collection":[{"href":"https:\/\/soaplexikon.de\/cms\/wp-json\/wp\/v2\/pages"}],"about":[{"href":"https:\/\/soaplexikon.de\/cms\/wp-json\/wp\/v2\/types\/page"}],"author":[{"embeddable":true,"href":"https:\/\/soaplexikon.de\/cms\/wp-json\/wp\/v2\/users\/2"}],"replies":[{"embeddable":true,"href":"https:\/\/soaplexikon.de\/cms\/wp-json\/wp\/v2\/comments?post=34445"}],"version-history":[{"count":15,"href":"https:\/\/soaplexikon.de\/cms\/wp-json\/wp\/v2\/pages\/34445\/revisions"}],"predecessor-version":[{"id":44119,"href":"https:\/\/soaplexikon.de\/cms\/wp-json\/wp\/v2\/pages\/34445\/revisions\/44119"}],"up":[{"embeddable":true,"href":"https:\/\/soaplexikon.de\/cms\/wp-json\/wp\/v2\/pages\/16713"}],"wp:attachment":[{"href":"https:\/\/soaplexikon.de\/cms\/wp-json\/wp\/v2\/media?parent=34445"}],"curies":[{"name":"wp","href":"https:\/\/api.w.org\/{rel}","templated":true}]}}