{"id":16713,"date":"2014-12-01T00:00:42","date_gmt":"2014-11-30T23:00:42","guid":{"rendered":"http:\/\/soaplexikon.de\/cms\/?page_id=16713"},"modified":"2019-07-18T11:41:37","modified_gmt":"2019-07-18T09:41:37","slug":"lexikon","status":"publish","type":"page","link":"https:\/\/soaplexikon.de\/cms\/lexikon\/","title":{"rendered":"Lexikon"},"content":{"rendered":"<p>Neben den Informationen zu den jeweiligen <a href=\"http:\/\/soaplexikon.de\/cms\/soaps-a-z\/\">Serien<\/a> bietet das Soaplexikon auch Informationen zum <a href=\"http:\/\/soaplexikon.de\/cms\/timeline\/\">Ursprung<\/a> der <a href=\"http:\/\/soaplexikon.de\/cms\/lexikon\/seifenoper\/\">Soaps<\/a> und <a href=\"http:\/\/soaplexikon.de\/cms\/lexikon\/telenovela\/\">Telenovelas<\/a>. An dieser Stelle werden Begriffe aus der Fernsehbranche und Fankreisen erkl\u00e4rt. In regelm\u00e4\u00dfigen Abst\u00e4nden folgen weitere Eintr\u00e4ge.<\/p>\n<hr>\n<p>[column-group]<br \/>\n[column]<\/p>\n<h2>A<\/h2>\n<p><a href=\"http:\/\/soaplexikon.de\/cms\/lexikon\/adaption\/\">Adaption<\/a><br \/>\n<a href=\"http:\/\/soaplexikon.de\/cms\/lexikon\/antagonist\/\">Antagonist<\/a><br \/>\n<a href=\"http:\/\/soaplexikon.de\/cms\/lexikon\/pick-up\/\">Aufl\u00f6ser<\/a><br \/>\n<a title=\"Au\u00dfendreh\" href=\"http:\/\/soaplexikon.de\/cms\/lexikon\/aussendreh\/\">Au\u00dfendreh<\/a><\/p>\n<h2>B<\/h2>\n<p><a href=\"http:\/\/soaplexikon.de\/cms\/lexikon\/block\/\">Block<\/a><\/p>\n<h2>C<\/h2>\n<p><a title=\"Chefautor\" href=\"http:\/\/soaplexikon.de\/cms\/lexikon\/chefautor\/\">Chefautor<\/a><br \/>\n<a href=\"http:\/\/soaplexikon.de\/cms\/lexikon\/cliffhanger\/\">Cliffhanger<\/a><br \/>\n<a title=\"Cross-Over\" href=\"http:\/\/soaplexikon.de\/cms\/lexikon\/cross-over\/\">Cross-Over<\/a><\/p>\n<h2>D<\/h2>\n<p><a title=\"Daily Soap\" href=\"http:\/\/soaplexikon.de\/cms\/lexikon\/daily-soap\/\">Daily Soap<\/a><br \/>\n<a title=\"Daytime Soap\" href=\"http:\/\/soaplexikon.de\/cms\/lexikon\/daytime-soap\/\">Daytime Soap<\/a><br \/>\n<a title=\"Dispo\" href=\"http:\/\/soaplexikon.de\/cms\/lexikon\/dispo\/\">Dispo<\/a><br \/>\n<a title=\"Dorama\" href=\"http:\/\/soaplexikon.de\/cms\/lexikon\/dorama\/\">Dorama<\/a> [NEU]<br \/>\n<a title=\"Drehplanung\" href=\"http:\/\/soaplexikon.de\/cms\/lexikon\/dispo\/\">Drehplanung<\/a><\/p>\n<h2>E<\/h2>\n<p><a href=\"http:\/\/soaplexikon.de\/cms\/lexikon\/establisher\/\">E-Shot<\/a><br \/>\n<a title=\"Erfundene Namen\" href=\"http:\/\/soaplexikon.de\/cms\/lexikon\/erfundene-namen\/\">Erfundene Namen<\/a> [NEU]<br \/>\n<a href=\"http:\/\/soaplexikon.de\/cms\/lexikon\/establisher\/\"><br \/>\nEstablisher<\/a><\/p>\n<h2>F<\/h2>\n<p><a title=\"Feuilleton T\u00e9l\u00e9vis\u00e9\" href=\"http:\/\/soaplexikon.de\/cms\/lexikon\/feuilleton-televise\/\">Feuilleton T\u00e9l\u00e9vis\u00e9<\/a><br \/>\n<a href=\"http:\/\/soaplexikon.de\/cms\/lexikon\/flashback\/\">Flashback<\/a><br \/>\n<a title=\"Fortsetzung\" href=\"http:\/\/soaplexikon.de\/cms\/lexikon\/fortsetzung\/\">Fortsetzung<\/a><\/p>\n<h2>H<\/h2>\n<p><a href=\"http:\/\/soaplexikon.de\/cms\/lexikon\/happy-end\/\">Happy End<\/a><br \/>\n<a title=\"Head writer\" href=\"http:\/\/soaplexikon.de\/cms\/lexikon\/chefautor\/\">Head Writer<\/a><\/p>\n<h2>I<\/h2>\n<p><a title=\"Indie Soap\" href=\"http:\/\/soaplexikon.de\/cms\/lexikon\/indie-soap\/\">Indie Soap<br \/>\n<\/a><a href=\"http:\/\/soaplexikon.de\/cms\/lexikon\/intrigant\/\">Intrigant<\/a><\/p>\n<h2>K<\/h2>\n<p><a href=\"http:\/\/soaplexikon.de\/cms\/lexikon\/k-drama\/\">K-Drama<\/a><br \/>\n<a title=\"Kost\u00fcmdrama\" href=\"http:\/\/soaplexikon.de\/cms\/lexikon\/period-drama\/\">Kost\u00fcmdrama<\/a><\/p>\n<h2>L<\/h2>\n<p><a title=\"Lakorn\" href=\"http:\/\/soaplexikon.de\/cms\/lexikon\/lakorn\/\">Lakorn<\/a><\/p>\n<h2>M<\/h2>\n<p><a href=\"http:\/\/soaplexikon.de\/cms\/lexikon\/montage\/\">Montage<\/a><\/p>\n<h2>N<\/h2>\n<p><a title=\"Narco Novela\" href=\"http:\/\/soaplexikon.de\/cms\/lexikon\/narco-novela\/\">Narco Novela<\/a><br \/>\n<a title=\"Novela\" href=\"http:\/\/soaplexikon.de\/cms\/lexikon\/telenovela\/\">Novela<\/a><\/p>\n<p>[\/column]<\/p>\n<p>[column]<\/p>\n<h2>O<\/h2>\n<p><a href=\"http:\/\/soaplexikon.de\/cms\/lexikon\/off-screen\/\">Off-Screen<\/a><\/p>\n<h2>P<\/h2>\n<p><a href=\"http:\/\/soaplexikon.de\/cms\/lexikon\/teleserye\/\">P-Drama<br \/>\n<\/a><a href=\"http:\/\/soaplexikon.de\/cms\/lexikon\/wash-up\/\">Parken<\/a><br \/>\n<a title=\"Parodie\" href=\"http:\/\/soaplexikon.de\/cms\/lexikon\/parodie\/\">Parodie<\/a><br \/>\n<a href=\"http:\/\/soaplexikon.de\/cms\/lexikon\/pen\/\">Pen<\/a><br \/>\n<a title=\"Period Drama\" href=\"http:\/\/soaplexikon.de\/cms\/lexikon\/period-drama\/\">Period Drama<\/a><br \/>\n<a href=\"http:\/\/soaplexikon.de\/cms\/lexikon\/pick-up\/\">Pick Up<\/a><br \/>\n<a title=\"Prime-Time Soap\" href=\"http:\/\/soaplexikon.de\/cms\/lexikon\/prime-time-soap\/\">Prime-Time Soap<\/a><br \/>\n<a title=\"Product Placement\" href=\"http:\/\/soaplexikon.de\/cms\/lexikon\/product-placement\/\">Product Placement<\/a><br \/>\n<a href=\"http:\/\/soaplexikon.de\/cms\/lexikon\/protagonist\/\">Protagonist<\/a><br \/>\n<a href=\"http:\/\/soaplexikon.de\/cms\/lexikon\/protagonist\/\">Protagonistenpaar<\/a><\/p>\n<h2>R<\/h2>\n<p><a title=\"Radio Soap\" href=\"http:\/\/soaplexikon.de\/cms\/lexikon\/radio-soap\/\">Radio Soap<\/a><br \/>\n<a title=\"Radio Novela\" href=\"http:\/\/soaplexikon.de\/cms\/lexikon\/radio-soap\/\">Radio Novela<\/a><br \/>\n<a title=\"Reality Soap\" href=\"http:\/\/soaplexikon.de\/cms\/lexikon\/reality-soap\/\">Reality Soap<\/a><br \/>\n<a title=\"Reboot\" href=\"http:\/\/soaplexikon.de\/cms\/lexikon\/reboot\/\">Reboot<\/a><br \/>\n<a href=\"http:\/\/soaplexikon.de\/cms\/lexikon\/recap\/\">Recap<\/a><br \/>\n<a href=\"http:\/\/soaplexikon.de\/cms\/lexikon\/recast\/\">Recast<\/a><br \/>\n<a title=\"Remake\" href=\"http:\/\/soaplexikon.de\/cms\/lexikon\/reboot\/\">Remake<\/a><br \/>\n<a href=\"http:\/\/soaplexikon.de\/cms\/lexikon\/rueckkehr\/\">R\u00fcckkehr<\/a><\/p>\n<h2>S<\/h2>\n<p><a title=\"Seifenoper\" href=\"http:\/\/soaplexikon.de\/cms\/lexikon\/seifenoper\/\">Seifenoper<\/a><br \/>\n<a title=\"Soap Bubble\" href=\"http:\/\/soaplexikon.de\/cms\/lexikon\/soap-bubble\/\">Soap Bubble<\/a><br \/>\n<a title=\"SORAS\" href=\"http:\/\/soaplexikon.de\/cms\/lexikon\/soras\/\">SORAS<\/a><br \/>\n<a title=\"Soap Opera\" href=\"http:\/\/soaplexikon.de\/cms\/lexikon\/seifenoper\/\">Soap Opera<\/a><br \/>\n<a href=\"http:\/\/soaplexikon.de\/cms\/lexikon\/spieltag\/\">Spieltag<\/a><br \/>\n<a title=\"Spin-off\" href=\"http:\/\/soaplexikon.de\/cms\/lexikon\/spin-off\/\">Spin-off<\/a><br \/>\n<a href=\"http:\/\/soaplexikon.de\/cms\/lexikon\/statistik\/\">Statistik<\/a><\/p>\n<h2>T<\/h2>\n<p><a title=\"Teen Novela\" href=\"http:\/\/soaplexikon.de\/cms\/lexikon\/teen-novela\/\">Teen Novela<\/a><br \/>\n<a title=\"Teen Soap\" href=\"http:\/\/soaplexikon.de\/cms\/lexikon\/teen-soap\/\">Teen Soap<\/a><br \/>\n<a title=\"Telenovela\" href=\"http:\/\/soaplexikon.de\/cms\/lexikon\/telenovela\/\">Telenovela<\/a><br \/>\n<a href=\"http:\/\/soaplexikon.de\/cms\/lexikon\/teleroman\/\">T\u00e9l\u00e9roman<\/a><br \/>\n<a href=\"http:\/\/soaplexikon.de\/cms\/lexikon\/teleserye\/\">Teleserye<\/a><\/p>\n<h2>V<\/h2>\n<p><a href=\"http:\/\/soaplexikon.de\/cms\/lexikon\/vfx\/\">VFX<\/a><br \/>\n<a href=\"http:\/\/soaplexikon.de\/cms\/lexikon\/voice-over\/\">Voice Over<\/a><br \/>\n<a title=\"Vorspann\" href=\"http:\/\/soaplexikon.de\/cms\/lexikon\/vorspann\/\">Vorspann<\/a><\/p>\n<h2>W<\/h2>\n<p><a href=\"http:\/\/soaplexikon.de\/cms\/lexikon\/wash-up\/\">Wash Up<\/a><br \/>\n<a title=\"Websoap\" href=\"http:\/\/soaplexikon.de\/cms\/lexikon\/websoap\/\">Websoap<\/a><br \/>\n<a title=\"Weekly Soap\" href=\"http:\/\/soaplexikon.de\/cms\/lexikon\/weekly-soap\/\">Weekly Soap<\/a><\/p>\n<h2>Z<\/h2>\n<p><a href=\"http:\/\/soaplexikon.de\/cms\/lexikon\/zopfdramaturgie\/\">Zopfdramaturgie<\/a><\/p>\n<p>[\/column]<br \/>\n[\/column-group]<\/p>\n","protected":false},"excerpt":{"rendered":"<p>Neben den Informationen zu den jeweiligen Serien bietet das Soaplexikon auch Informationen zum Ursprung der Soaps und Telenovelas. An dieser Stelle werden Begriffe aus der Fernsehbranche und Fankreisen erkl\u00e4rt. In regelm\u00e4\u00dfigen Abst\u00e4nden folgen weitere Eintr\u00e4ge. [column-group] [column] A Adaption Antagonist Aufl\u00f6ser Au\u00dfendreh B Block C Chefautor Cliffhanger Cross-Over D Daily Soap Daytime Soap Dispo Dorama [&hellip;]<\/p>\n","protected":false},"author":4,"featured_media":0,"parent":0,"menu_order":19,"comment_status":"closed","ping_status":"closed","template":"","meta":{"footnotes":""},"class_list":["post-16713","page","type-page","status-publish","hentry"],"_links":{"self":[{"href":"https:\/\/soaplexikon.de\/cms\/wp-json\/wp\/v2\/pages\/16713","targetHints":{"allow":["GET"]}}],"collection":[{"href":"https:\/\/soaplexikon.de\/cms\/wp-json\/wp\/v2\/pages"}],"about":[{"href":"https:\/\/soaplexikon.de\/cms\/wp-json\/wp\/v2\/types\/page"}],"author":[{"embeddable":true,"href":"https:\/\/soaplexikon.de\/cms\/wp-json\/wp\/v2\/users\/4"}],"replies":[{"embeddable":true,"href":"https:\/\/soaplexikon.de\/cms\/wp-json\/wp\/v2\/comments?post=16713"}],"version-history":[{"count":98,"href":"https:\/\/soaplexikon.de\/cms\/wp-json\/wp\/v2\/pages\/16713\/revisions"}],"predecessor-version":[{"id":44785,"href":"https:\/\/soaplexikon.de\/cms\/wp-json\/wp\/v2\/pages\/16713\/revisions\/44785"}],"wp:attachment":[{"href":"https:\/\/soaplexikon.de\/cms\/wp-json\/wp\/v2\/media?parent=16713"}],"curies":[{"name":"wp","href":"https:\/\/api.w.org\/{rel}","templated":true}]}}